{"id":10181,"date":"2020-03-09T10:47:33","date_gmt":"2020-03-09T10:47:33","guid":{"rendered":"https:\/\/korner.eu\/warunek-informacyjny\/"},"modified":"2023-10-17T01:54:26","modified_gmt":"2023-10-16T23:54:26","slug":"%d0%b8%d0%bd%d1%84%d0%be%d1%80%d0%bc%d0%b0%d1%86%d0%b8%d0%be%d0%bd%d0%bd%d0%be%d0%b5-%d1%83%d1%81%d0%bb%d0%be%d0%b2%d0%b8%d0%b5","status":"publish","type":"page","link":"https:\/\/korner.eu\/ru\/%d0%b8%d0%bd%d1%84%d0%be%d1%80%d0%bc%d0%b0%d1%86%d0%b8%d0%be%d0%bd%d0%bd%d0%be%d0%b5-%d1%83%d1%81%d0%bb%d0%be%d0%b2%d0%b8%d0%b5\/","title":{"rendered":"\u0438\u043d\u0444\u043e\u0440\u043c\u0430\u0446\u0438\u043e\u043d\u043d\u043e\u0435 \u0443\u0441\u043b\u043e\u0432\u0438\u0435"},"content":{"rendered":"\n<section id=\"korner-block_6e7608d33c32c905bb55818ab6ab4e98\" class=\"top-section-with-title cover-bg  bigger-title-section\">\n\t\t\t<picture >\n\t\t\t<source media='(max-width: 400px)'\n\t\t\tsrcset='https:\/\/korner.eu\/wp-content\/uploads\/2020\/03\/img-11-400x452.jpg'\/>\n\t\t\t<source media='(max-width: 767px)'\n\t\t\tsrcset='https:\/\/korner.eu\/wp-content\/uploads\/2020\/03\/img-11-767x452.jpg'\/>\n\t\t\t<source media='(max-width: 1024px)'\n\t\t\tsrcset='https:\/\/korner.eu\/wp-content\/uploads\/2020\/03\/img-11-1024x452.jpg'\/>\n\t\t\t<source media='(max-width: 1400px)'\n\t\t\tsrcset='https:\/\/korner.eu\/wp-content\/uploads\/2020\/03\/img-11-1400x452.jpg'\/>\n\t\t\t<img src='https:\/\/korner.eu\/wp-content\/uploads\/2020\/03\/img-11.jpg'\/>\n\t\t<\/picture>\n\t\t<div class=\"row column cover-bg-content text-center\">\n\t\t\t\t\t\t\t\t\t\t\t<h1 class=\"h1 page-main-title\" style=\"color:#ffffff\">\u0438\u043d\u0444\u043e\u0440\u043c\u0430\u0446\u0438\u043e\u043d\u043d\u043e\u0435 \u0443\u0441\u043b\u043e\u0432\u0438\u0435<\/h1>\n\t\t\t\t\t\t<\/div>\n<\/section>\n\n<div class=\"row column default-GB clearfix\">\n\n<\/div>\n<section id=\"korner-block_53c12918f61b12bf41e540602d0c5a0f\" class=\"space-section   \" >\n\t<div class=\"space-block hide-for-small\" style=\"background-color:#FFFFFF; height: 100px;\" ><\/div>\n\t<div class=\"space-block show-for-small\" style=\"background-color:#FFFFFF; height: 50px;\" ><\/div>\n<\/section><div class=\"row column default-GB clearfix\">\n\n<\/div><div class=\"row column default-GB clearfix\">\n<p>W zwi\u0105zku z rozpocz\u0119ciem stosowania z dniem 25 maja 2018 roku rozporz\u0105dzenia Parlamentu Europejskiego i Rady (UE) 2016\/679 z dnia 27 kwietnia 2016 r. w sprawie ochrony os\u00f3b fizycznych w zwi\u0105zku z przetwarzaniem danych osobowych i w sprawie swobodnego przep\u0142ywu takich danych i uchylenia dyrektywy 95\/46\/WE, (dalej zwanym \u201eRODO&#187;), firma pod nazw\u0105  Poli-Eco Tworzywa Sztuczne Sp. z o.o. z siedzib\u0105 w \u017barach (68-200), ul. Zwyci\u0119zc\u00f3w 7, zwana- dalej r\u00f3wnie\u017c jako Poli-Eco, zgodnie art. 13 ust. 1 i 2 RODO informuje, \u017ce od dnia 25 maja 2018 roku przys\u0142uguj\u0105 Pani\/Panu okre\u015blone poni\u017cej prawa zwi\u0105zane z przetwarzaniem Pani\/Pana danych osobowych przez POLI-ECO.<\/p>\n<\/div><div class=\"row column default-GB clearfix\">\n\n<\/div><div class=\"row column default-GB clearfix\">\n<p>1. Administratorem Pani\/Pana danych osobowych jest Poli-Eco Tworzywa Sztuczne Sp. z o.o. z siedzib\u0105 w \u017barach (68-200), ul. Zwyci\u0119zc\u00f3w 7, tel. +48 68 478 44 00, e-mail: sekretariat@poli-eco.pl<\/p>\n<\/div><div class=\"row column default-GB clearfix\">\n\n<\/div><div class=\"row column default-GB clearfix\">\n<p>Administrator danych osobowych zachowuje nale\u017cyt\u0105 staranno\u015b\u0107 w ochronie danych osobowych, przestrzegaj\u0105c technicznych i organizacyjnych \u015brodk\u00f3w ochrony danych osobowych.<\/p>\n<\/div><div class=\"row column default-GB clearfix\">\n\n<\/div><div class=\"row column default-GB clearfix\">\n<p>2. Pani\/Pana dane osobowe przetwarzane s\u0105 wy\u0142\u0105cznie w celu sporz\u0105dzania umowy, realizacji obowi\u0105zk\u00f3w wynikaj\u0105cych z umowy, dochodzenia roszcze\u0144 z tytu\u0142u niewykonania lub nienale\u017cytego wykonania umowy, realizacji zam\u00f3wie\u0144.<\/p>\n<\/div><div class=\"row column default-GB clearfix\">\n\n<\/div><div class=\"row column default-GB clearfix\">\n<p>Powy\u017csze oznacza, \u017ce POLI-ECO przetwarza Pani\/Pana dane osobowe:<\/p>\n<\/div><div class=\"row column default-GB clearfix\">\n\n<\/div>\n\t<section id=\"korner-block_06b52927e2afa680ba7fb31e27710cdc\" class=\"alphabetical-list-section  \" >\n\t\t<div class=\"row column\">\n\t\t\t<ul class=\"alphabetical-list\" >\n\t\t\t\t\t\t\t\t\t\t\t\t\t\t\t<li>w zwi\u0105zku z konieczno\u015bci\u0105 wykonania umowy (np. w zakresie zapewnienia poprawnej jako\u015bci us\u0142ug) [na podstawie art. 6 ust. 1 lit. b RODO];<\/li>\n\t\t\t\t\t\t\t\t\t\t\t\t\t\t\t\t\t\t\t\t<li>w zwi\u0105zku z niezb\u0119dno\u015bci\u0105 do wype\u0142nienia obowi\u0105zku prawnego ci\u0105\u017c\u0105cego na administratorze (np. w zakresie wystawiania i przechowywania faktur oraz dokument\u00f3w ksi\u0119gowych) [na podstawie art. 6 ust. 1 lit. c RODO];<\/li>\n\t\t\t\t\t\t\t\t\t\t\t\t\t\t\t\t\t\t\t\t<li> w zwi\u0105zku z niezb\u0119dno\u015bci\u0105 do cel\u00f3w wynikaj\u0105cych z prawnie uzasadnionych interes\u00f3w realizowanych przez administratora lub stron\u0119 trzeci\u0105 (np. w zakresie dochodzenia ewentualnych roszcze\u0144) [na podstawie art. 6 ust. 1 lit. f RODO];<\/li>\n\t\t\t\t\t\t\t\t\t\t\t\t<\/ul>\n\t\t<\/div>\n\t<\/section>\n\n<div class=\"row column default-GB clearfix\">\n\n<\/div><div class=\"row column default-GB clearfix\">\n<p>3. Odbiorc\u0105 Pani\/Pana danych osobowych mog\u0105 by\u0107 m.in. nast\u0119puj\u0105ce podmioty: podmioty \u015bwiadcz\u0105ce na rzecz POLI-ECO obs\u0142ug\u0119 prawn\u0105 czy podatkow\u0105, podmiot \u015bwiadcz\u0105cy na rzecz POLI-ECO obs\u0142ug\u0119 informatyczn\u0105, firmy przewozowe zajmuj\u0105ce si\u0119 dostaw\u0105 towaru, firmy \u015bwiadcz\u0105ce us\u0142ugi monta\u017cowe, serwisowe, reklamacyjne, jak r\u00f3wnie\u017c hurtownie, dystrybutorzy, organy publiczne (US).<\/p>\n<\/div><div class=\"row column default-GB clearfix\">\n\n<\/div><div class=\"row column default-GB clearfix\">\n<p>4. Pani\/Pana dane osobowe b\u0119d\u0105 przetwarzane przez czas trwania umowy oraz do up\u0142ywu okresu przedawnienia ewentualnych roszcze\u0144, lecz nie d\u0142u\u017cej ni\u017c 10 lat.<\/p>\n<\/div><div class=\"row column default-GB clearfix\">\n\n<\/div><div class=\"row column default-GB clearfix\">\n<p>5. Posiada Pani\/Pan prawo dost\u0119pu do tre\u015bci swoich danych oraz prawo ich sprostowania, usuni\u0119cia, ograniczenia przetwarzania, prawo do przenoszenia danych, prawo wniesienia sprzeciwu, co do danych osobowych, kt\u00f3rych podanie jest dobrowolne &#8212; prawo do cofni\u0119cia zgody na ich przetwarzanie w dowolnym momencie bez wp\u0142ywu na zgodno\u015b\u0107 z prawem przetwarzania, kt\u00f3rego dokonano na podstawie zgody wyra\u017conej przed jej cofni\u0119ciem. O\u015bwiadczenie o cofni\u0119ciu zgody na przetwarzanie danych osobowych wymaga jego z\u0142o\u017cenia w formie pisemnej lub elektronicznej na adres mailowy iod@poli-eco.pl<\/p>\n<\/div><div class=\"row column default-GB clearfix\">\n\n<\/div><div class=\"row column default-GB clearfix\">\n<p>6. Podanie przez Pani\u0105\/Pana danych osobowych jest obowi\u0105zkowe w zakresie wynikaj\u0105cym z przepis\u00f3w szczeg\u00f3lnych z uwagi na niezb\u0119dno\u015b\u0107 do realizacji umowy, w pozosta\u0142ym zakresie jest za\u015b dobrowolne.<\/p>\n<\/div><div class=\"row column default-GB clearfix\">\n\n<\/div><div class=\"row column default-GB clearfix\">\n<p>7. Pani\/Pana dane osobowe nie b\u0119d\u0105 przekazywane do pa\u0144stwa trzeciego (poza obszar Europejskiego Obszaru Gospodarczego) i\/lub organizacji mi\u0119dzynarodowej.<\/p>\n<\/div><div class=\"row column default-GB clearfix\">\n\n<\/div><div class=\"row column default-GB clearfix\">\n<p>8. W sytuacji, gdy uzna Pani\/Pan, \u017ce przetwarzanie podanych danych osobowych narusza przepisy RODO posiada Pan\/Pani prawo do wniesienie skargi do organu nadzorczego w Polsce &#8212; Prezesa Urz\u0119du Ochrony Danych Osobowych.<\/p>\n<\/div><div class=\"row column default-GB clearfix\">\n\n<\/div><div class=\"row column default-GB clearfix\">\n<p>Podanie przez Pani\u0105\/Pana danych osobowych jest wymogiem umownym; ich nieprzekazanie spowoduje niemo\u017cno\u015b\u0107 realizacji zawartej umowy i zwi\u0105zanych z ni\u0105 obowi\u0105zk\u00f3w podatkowych.<\/p>\n<\/div><div class=\"row column default-GB clearfix\">\n\n<\/div><div class=\"row column default-GB clearfix\">\n<p>9. Pani\/Pana dane nie b\u0119d\u0105 przetwarzane w spos\u00f3b zautomatyzowany, w tym r\u00f3wnie\u017c w formie profilowania. Dane osobowe b\u0119d\u0105 przetwarzane wy\u0142\u0105cznie w celu, w jakim zosta\u0142y pierwotnie zebrane.<\/p>\n<\/div>","protected":false},"excerpt":{"rendered":"<p>W zwi\u0105zku z rozpocz\u0119ciem stosowania z dniem 25 maja 2018 roku rozporz\u0105dzenia Parlamentu Europejskiego i Rady (UE) 2016\/679 z dnia 27 kwietnia 2016 r. w sprawie ochrony os\u00f3b fizycznych w zwi\u0105zku z przetwarzaniem danych osobowych i w sprawie swobodnego przep\u0142ywu takich danych i uchylenia dyrektywy 95\/46\/WE, (dalej zwanym \u201eRODO&#187;), firma pod nazw\u0105 Poli-Eco Tworzywa Sztuczne [&hellip;]<\/p>\n","protected":false},"author":1,"featured_media":0,"parent":0,"menu_order":86,"comment_status":"closed","ping_status":"open","template":"","meta":{"_acf_changed":false,"footnotes":""},"class_list":["post-10181","page","type-page","status-publish","hentry"],"acf":[],"yoast_head":"<!-- This site is optimized with the Yoast SEO plugin v24.3 - https:\/\/yoast.com\/wordpress\/plugins\/seo\/ -->\n<title>\u0438\u043d\u0444\u043e\u0440\u043c\u0430\u0446\u0438\u043e\u043d\u043d\u043e\u0435 \u0443\u0441\u043b\u043e\u0432\u0438\u0435 - Korner<\/title>\n<meta name=\"robots\" content=\"noindex, follow\" \/>\n<meta property=\"og:locale\" content=\"ru_RU\" \/>\n<meta property=\"og:type\" content=\"article\" \/>\n<meta property=\"og:title\" content=\"\u0438\u043d\u0444\u043e\u0440\u043c\u0430\u0446\u0438\u043e\u043d\u043d\u043e\u0435 \u0443\u0441\u043b\u043e\u0432\u0438\u0435 - Korner\" \/>\n<meta property=\"og:description\" content=\"W zwi\u0105zku z rozpocz\u0119ciem stosowania z dniem 25 maja 2018 roku rozporz\u0105dzenia Parlamentu Europejskiego i Rady (UE) 2016\/679 z dnia 27 kwietnia 2016 r. w sprawie ochrony os\u00f3b fizycznych w zwi\u0105zku z przetwarzaniem danych osobowych i w sprawie swobodnego przep\u0142ywu takich danych i uchylenia dyrektywy 95\/46\/WE, (dalej zwanym \u201eRODO&#187;), firma pod nazw\u0105 Poli-Eco Tworzywa Sztuczne [&hellip;]\" \/>\n<meta property=\"og:url\" content=\"https:\/\/korner.eu\/ru\/%d0%b8%d0%bd%d1%84%d0%be%d1%80%d0%bc%d0%b0%d1%86%d0%b8%d0%be%d0%bd%d0%bd%d0%be%d0%b5-%d1%83%d1%81%d0%bb%d0%be%d0%b2%d0%b8%d0%b5\/\" \/>\n<meta property=\"og:site_name\" content=\"Korner\" \/>\n<meta property=\"article:publisher\" content=\"https:\/\/www.facebook.com\/korner.producent\/\" \/>\n<meta property=\"article:modified_time\" content=\"2023-10-16T23:54:26+00:00\" \/>\n<meta name=\"twitter:card\" content=\"summary_large_image\" \/>\n<meta name=\"twitter:label1\" content=\"\u041f\u0440\u0438\u043c\u0435\u0440\u043d\u043e\u0435 \u0432\u0440\u0435\u043c\u044f \u0434\u043b\u044f \u0447\u0442\u0435\u043d\u0438\u044f\" \/>\n\t<meta name=\"twitter:data1\" content=\"3 \u043c\u0438\u043d\u0443\u0442\u044b\" \/>\n<script type=\"application\/ld+json\" class=\"yoast-schema-graph\">{\"@context\":\"https:\/\/schema.org\",\"@graph\":[{\"@type\":\"WebPage\",\"@id\":\"https:\/\/korner.eu\/ru\/%d0%b8%d0%bd%d1%84%d0%be%d1%80%d0%bc%d0%b0%d1%86%d0%b8%d0%be%d0%bd%d0%bd%d0%be%d0%b5-%d1%83%d1%81%d0%bb%d0%be%d0%b2%d0%b8%d0%b5\/\",\"url\":\"https:\/\/korner.eu\/ru\/%d0%b8%d0%bd%d1%84%d0%be%d1%80%d0%bc%d0%b0%d1%86%d0%b8%d0%be%d0%bd%d0%bd%d0%be%d0%b5-%d1%83%d1%81%d0%bb%d0%be%d0%b2%d0%b8%d0%b5\/\",\"name\":\"\u0438\u043d\u0444\u043e\u0440\u043c\u0430\u0446\u0438\u043e\u043d\u043d\u043e\u0435 \u0443\u0441\u043b\u043e\u0432\u0438\u0435 - Korner\",\"isPartOf\":{\"@id\":\"https:\/\/korner.eu\/ru\/#website\"},\"datePublished\":\"2020-03-09T10:47:33+00:00\",\"dateModified\":\"2023-10-16T23:54:26+00:00\",\"breadcrumb\":{\"@id\":\"https:\/\/korner.eu\/ru\/%d0%b8%d0%bd%d1%84%d0%be%d1%80%d0%bc%d0%b0%d1%86%d0%b8%d0%be%d0%bd%d0%bd%d0%be%d0%b5-%d1%83%d1%81%d0%bb%d0%be%d0%b2%d0%b8%d0%b5\/#breadcrumb\"},\"inLanguage\":\"ru-RU\",\"potentialAction\":[{\"@type\":\"ReadAction\",\"target\":[\"https:\/\/korner.eu\/ru\/%d0%b8%d0%bd%d1%84%d0%be%d1%80%d0%bc%d0%b0%d1%86%d0%b8%d0%be%d0%bd%d0%bd%d0%be%d0%b5-%d1%83%d1%81%d0%bb%d0%be%d0%b2%d0%b8%d0%b5\/\"]}]},{\"@type\":\"BreadcrumbList\",\"@id\":\"https:\/\/korner.eu\/ru\/%d0%b8%d0%bd%d1%84%d0%be%d1%80%d0%bc%d0%b0%d1%86%d0%b8%d0%be%d0%bd%d0%bd%d0%be%d0%b5-%d1%83%d1%81%d0%bb%d0%be%d0%b2%d0%b8%d0%b5\/#breadcrumb\",\"itemListElement\":[{\"@type\":\"ListItem\",\"position\":1,\"name\":\"Strona g\u0142\u00f3wna\",\"item\":\"https:\/\/korner.eu\/ru\/\"},{\"@type\":\"ListItem\",\"position\":2,\"name\":\"\u0438\u043d\u0444\u043e\u0440\u043c\u0430\u0446\u0438\u043e\u043d\u043d\u043e\u0435 \u0443\u0441\u043b\u043e\u0432\u0438\u0435\"}]},{\"@type\":\"WebSite\",\"@id\":\"https:\/\/korner.eu\/ru\/#website\",\"url\":\"https:\/\/korner.eu\/ru\/\",\"name\":\"Korner\",\"description\":\"\",\"publisher\":{\"@id\":\"https:\/\/korner.eu\/ru\/#organization\"},\"potentialAction\":[{\"@type\":\"SearchAction\",\"target\":{\"@type\":\"EntryPoint\",\"urlTemplate\":\"https:\/\/korner.eu\/ru\/?s={search_term_string}\"},\"query-input\":{\"@type\":\"PropertyValueSpecification\",\"valueRequired\":true,\"valueName\":\"search_term_string\"}}],\"inLanguage\":\"ru-RU\"},{\"@type\":\"Organization\",\"@id\":\"https:\/\/korner.eu\/ru\/#organization\",\"name\":\"Poli-Eco Tworzywa Sztuczne Sp. z o.o.\",\"url\":\"https:\/\/korner.eu\/ru\/\",\"logo\":{\"@type\":\"ImageObject\",\"inLanguage\":\"ru-RU\",\"@id\":\"https:\/\/korner.eu\/ru\/#\/schema\/logo\/image\/\",\"url\":\"https:\/\/korner.eu\/wp-content\/uploads\/2020\/03\/logo.png\",\"contentUrl\":\"https:\/\/korner.eu\/wp-content\/uploads\/2020\/03\/logo.png\",\"width\":180,\"height\":48,\"caption\":\"Poli-Eco Tworzywa Sztuczne Sp. z o.o.\"},\"image\":{\"@id\":\"https:\/\/korner.eu\/ru\/#\/schema\/logo\/image\/\"},\"sameAs\":[\"https:\/\/www.facebook.com\/korner.producent\/\",\"https:\/\/www.instagram.com\/korner.producer\/\",\"https:\/\/www.linkedin.com\/in\/korner-producer\/\"]}]}<\/script>\n<!-- \/ Yoast SEO plugin. -->","yoast_head_json":{"title":"\u0438\u043d\u0444\u043e\u0440\u043c\u0430\u0446\u0438\u043e\u043d\u043d\u043e\u0435 \u0443\u0441\u043b\u043e\u0432\u0438\u0435 - Korner","robots":{"index":"noindex","follow":"follow"},"og_locale":"ru_RU","og_type":"article","og_title":"\u0438\u043d\u0444\u043e\u0440\u043c\u0430\u0446\u0438\u043e\u043d\u043d\u043e\u0435 \u0443\u0441\u043b\u043e\u0432\u0438\u0435 - Korner","og_description":"W zwi\u0105zku z rozpocz\u0119ciem stosowania z dniem 25 maja 2018 roku rozporz\u0105dzenia Parlamentu Europejskiego i Rady (UE) 2016\/679 z dnia 27 kwietnia 2016 r. w sprawie ochrony os\u00f3b fizycznych w zwi\u0105zku z przetwarzaniem danych osobowych i w sprawie swobodnego przep\u0142ywu takich danych i uchylenia dyrektywy 95\/46\/WE, (dalej zwanym \u201eRODO&#187;), firma pod nazw\u0105 Poli-Eco Tworzywa Sztuczne [&hellip;]","og_url":"https:\/\/korner.eu\/ru\/%d0%b8%d0%bd%d1%84%d0%be%d1%80%d0%bc%d0%b0%d1%86%d0%b8%d0%be%d0%bd%d0%bd%d0%be%d0%b5-%d1%83%d1%81%d0%bb%d0%be%d0%b2%d0%b8%d0%b5\/","og_site_name":"Korner","article_publisher":"https:\/\/www.facebook.com\/korner.producent\/","article_modified_time":"2023-10-16T23:54:26+00:00","twitter_card":"summary_large_image","twitter_misc":{"\u041f\u0440\u0438\u043c\u0435\u0440\u043d\u043e\u0435 \u0432\u0440\u0435\u043c\u044f \u0434\u043b\u044f \u0447\u0442\u0435\u043d\u0438\u044f":"3 \u043c\u0438\u043d\u0443\u0442\u044b"},"schema":{"@context":"https:\/\/schema.org","@graph":[{"@type":"WebPage","@id":"https:\/\/korner.eu\/ru\/%d0%b8%d0%bd%d1%84%d0%be%d1%80%d0%bc%d0%b0%d1%86%d0%b8%d0%be%d0%bd%d0%bd%d0%be%d0%b5-%d1%83%d1%81%d0%bb%d0%be%d0%b2%d0%b8%d0%b5\/","url":"https:\/\/korner.eu\/ru\/%d0%b8%d0%bd%d1%84%d0%be%d1%80%d0%bc%d0%b0%d1%86%d0%b8%d0%be%d0%bd%d0%bd%d0%be%d0%b5-%d1%83%d1%81%d0%bb%d0%be%d0%b2%d0%b8%d0%b5\/","name":"\u0438\u043d\u0444\u043e\u0440\u043c\u0430\u0446\u0438\u043e\u043d\u043d\u043e\u0435 \u0443\u0441\u043b\u043e\u0432\u0438\u0435 - Korner","isPartOf":{"@id":"https:\/\/korner.eu\/ru\/#website"},"datePublished":"2020-03-09T10:47:33+00:00","dateModified":"2023-10-16T23:54:26+00:00","breadcrumb":{"@id":"https:\/\/korner.eu\/ru\/%d0%b8%d0%bd%d1%84%d0%be%d1%80%d0%bc%d0%b0%d1%86%d0%b8%d0%be%d0%bd%d0%bd%d0%be%d0%b5-%d1%83%d1%81%d0%bb%d0%be%d0%b2%d0%b8%d0%b5\/#breadcrumb"},"inLanguage":"ru-RU","potentialAction":[{"@type":"ReadAction","target":["https:\/\/korner.eu\/ru\/%d0%b8%d0%bd%d1%84%d0%be%d1%80%d0%bc%d0%b0%d1%86%d0%b8%d0%be%d0%bd%d0%bd%d0%be%d0%b5-%d1%83%d1%81%d0%bb%d0%be%d0%b2%d0%b8%d0%b5\/"]}]},{"@type":"BreadcrumbList","@id":"https:\/\/korner.eu\/ru\/%d0%b8%d0%bd%d1%84%d0%be%d1%80%d0%bc%d0%b0%d1%86%d0%b8%d0%be%d0%bd%d0%bd%d0%be%d0%b5-%d1%83%d1%81%d0%bb%d0%be%d0%b2%d0%b8%d0%b5\/#breadcrumb","itemListElement":[{"@type":"ListItem","position":1,"name":"Strona g\u0142\u00f3wna","item":"https:\/\/korner.eu\/ru\/"},{"@type":"ListItem","position":2,"name":"\u0438\u043d\u0444\u043e\u0440\u043c\u0430\u0446\u0438\u043e\u043d\u043d\u043e\u0435 \u0443\u0441\u043b\u043e\u0432\u0438\u0435"}]},{"@type":"WebSite","@id":"https:\/\/korner.eu\/ru\/#website","url":"https:\/\/korner.eu\/ru\/","name":"Korner","description":"","publisher":{"@id":"https:\/\/korner.eu\/ru\/#organization"},"potentialAction":[{"@type":"SearchAction","target":{"@type":"EntryPoint","urlTemplate":"https:\/\/korner.eu\/ru\/?s={search_term_string}"},"query-input":{"@type":"PropertyValueSpecification","valueRequired":true,"valueName":"search_term_string"}}],"inLanguage":"ru-RU"},{"@type":"Organization","@id":"https:\/\/korner.eu\/ru\/#organization","name":"Poli-Eco Tworzywa Sztuczne Sp. z o.o.","url":"https:\/\/korner.eu\/ru\/","logo":{"@type":"ImageObject","inLanguage":"ru-RU","@id":"https:\/\/korner.eu\/ru\/#\/schema\/logo\/image\/","url":"https:\/\/korner.eu\/wp-content\/uploads\/2020\/03\/logo.png","contentUrl":"https:\/\/korner.eu\/wp-content\/uploads\/2020\/03\/logo.png","width":180,"height":48,"caption":"Poli-Eco Tworzywa Sztuczne Sp. z o.o."},"image":{"@id":"https:\/\/korner.eu\/ru\/#\/schema\/logo\/image\/"},"sameAs":["https:\/\/www.facebook.com\/korner.producent\/","https:\/\/www.instagram.com\/korner.producer\/","https:\/\/www.linkedin.com\/in\/korner-producer\/"]}]}},"_links":{"self":[{"href":"https:\/\/korner.eu\/ru\/wp-json\/wp\/v2\/pages\/10181","targetHints":{"allow":["GET"]}}],"collection":[{"href":"https:\/\/korner.eu\/ru\/wp-json\/wp\/v2\/pages"}],"about":[{"href":"https:\/\/korner.eu\/ru\/wp-json\/wp\/v2\/types\/page"}],"author":[{"embeddable":true,"href":"https:\/\/korner.eu\/ru\/wp-json\/wp\/v2\/users\/1"}],"replies":[{"embeddable":true,"href":"https:\/\/korner.eu\/ru\/wp-json\/wp\/v2\/comments?post=10181"}],"version-history":[{"count":4,"href":"https:\/\/korner.eu\/ru\/wp-json\/wp\/v2\/pages\/10181\/revisions"}],"predecessor-version":[{"id":22791,"href":"https:\/\/korner.eu\/ru\/wp-json\/wp\/v2\/pages\/10181\/revisions\/22791"}],"wp:attachment":[{"href":"https:\/\/korner.eu\/ru\/wp-json\/wp\/v2\/media?parent=10181"}],"curies":[{"name":"wp","href":"https:\/\/api.w.org\/{rel}","templated":true}]}}