{"id":11267,"date":"2020-03-30T12:25:33","date_gmt":"2020-03-30T12:25:33","guid":{"rendered":"https:\/\/korner.eu\/pomagamy\/"},"modified":"2020-05-26T17:46:38","modified_gmt":"2020-05-26T17:46:38","slug":"pomagamy","status":"publish","type":"page","link":"https:\/\/korner.eu\/en\/pomagamy\/","title":{"rendered":"Pomagamy"},"content":{"rendered":"\n<section id=\"korner-block_5e81eb0fc4951\" class=\"space-section   \" >\n\t<div class=\"space-block hide-for-small\" style=\"background-color:#FFFFFF; height: 90px;\" ><\/div>\n\t<div class=\"space-block show-for-small\" style=\"background-color:#FFFFFF; height: 45px;\" ><\/div>\n<\/section><div class=\"row column default-GB clearfix\">\n\n<\/div><div class=\"row column default-GB clearfix\">\n<div class=\"wp-block-media-text alignwide is-stacked-on-mobile is-vertically-aligned-top\" style=\"grid-template-columns:34% auto\"><figure class=\"wp-block-media-text__media\"><img decoding=\"async\" width=\"313\" height=\"457\" src=\"https:\/\/korner.eu\/wp-content\/uploads\/2020\/03\/Layer_8.jpg\" alt=\"\" class=\"wp-image-8892\" srcset=\"https:\/\/korner.eu\/wp-content\/uploads\/2020\/03\/Layer_8.jpg 313w, https:\/\/korner.eu\/wp-content\/uploads\/2020\/03\/Layer_8-205x300.jpg 205w, https:\/\/korner.eu\/wp-content\/uploads\/2020\/03\/Layer_8-200x292.jpg 200w\" sizes=\"(max-width: 313px) 100vw, 313px\" \/><\/figure><div class=\"wp-block-media-text__content\"><div class=\"row column default-GB clearfix\">\n<p class=\"has-normal-font-size\">Mi\u0119dzynarodowy Dzie\u0144 Dziecka to \u015bwi\u0119to wszystkich dzieci na ca\u0142ym \u015bwiecie. Z tej okazji firma Poli-Eco pomog\u0142a w organizacji eventu dla najm\u0142odszych zorganizowanego przez Szpital Uniwersytecki imienia Karola Marcinkowskiego w Zielonej G\u00f3rze. Dla dzieci przebywaj\u0105cych na Klinicznym Oddziale Pediatrii przygotowano upominki okoliczno\u015bciowe oraz interaktywne widowisko artystyczne i animacje promuj\u0105ce ekologi\u0119 i zdrowy tryb \u017cycia w\u015br\u00f3d dzieci pt.&#8221; Vivat zielony las!&#8221;<\/p>\n<\/div><\/div><\/div>\n<\/div><div class=\"row column default-GB clearfix\">\n\n<\/div>\n<section id=\"korner-block_5e81fbd9c4952\" class=\"space-section   \" >\n\t<div class=\"space-block hide-for-small\" style=\"background-color:#FFFFFF; height: 15px;\" ><\/div>\n\t<div class=\"space-block show-for-small\" style=\"background-color:#FFFFFF; height: 15px;\" ><\/div>\n<\/section><div class=\"row column default-GB clearfix\">\n\n<\/div><div class=\"row column default-GB clearfix\">\n<hr class=\"wp-block-separator has-text-color has-background is-style-wide\" style=\"background-color:#808080;color:#808080\"\/>\n<\/div><div class=\"row column default-GB clearfix\">\n\n<\/div>\n<section id=\"korner-block_5e81fbe6c4953\" class=\"space-section   \" >\n\t<div class=\"space-block hide-for-small\" style=\"background-color:#FFFFFF; height: 15px;\" ><\/div>\n\t<div class=\"space-block show-for-small\" style=\"background-color:#FFFFFF; height: 15px;\" ><\/div>\n<\/section><div class=\"row column default-GB clearfix\">\n\n<\/div><div class=\"row column default-GB clearfix\">\n<div class=\"wp-block-media-text alignwide has-media-on-the-right is-stacked-on-mobile is-vertically-aligned-top\" style=\"grid-template-columns:auto 37%\"><figure class=\"wp-block-media-text__media\"><img decoding=\"async\" width=\"667\" height=\"1024\" src=\"https:\/\/korner.eu\/wp-content\/uploads\/2020\/04\/pomagamy2-1-667x1024.jpg\" alt=\"\" class=\"wp-image-9786\" srcset=\"https:\/\/korner.eu\/wp-content\/uploads\/2020\/04\/pomagamy2-1-667x1024.jpg 667w, https:\/\/korner.eu\/wp-content\/uploads\/2020\/04\/pomagamy2-1-195x300.jpg 195w, https:\/\/korner.eu\/wp-content\/uploads\/2020\/04\/pomagamy2-1-768x1179.jpg 768w, https:\/\/korner.eu\/wp-content\/uploads\/2020\/04\/pomagamy2-1-1000x1536.jpg 1000w, https:\/\/korner.eu\/wp-content\/uploads\/2020\/04\/pomagamy2-1-1334x2048.jpg 1334w, https:\/\/korner.eu\/wp-content\/uploads\/2020\/04\/pomagamy2-1-200x307.jpg 200w, https:\/\/korner.eu\/wp-content\/uploads\/2020\/04\/pomagamy2-1-400x614.jpg 400w, https:\/\/korner.eu\/wp-content\/uploads\/2020\/04\/pomagamy2-1-767x1178.jpg 767w, https:\/\/korner.eu\/wp-content\/uploads\/2020\/04\/pomagamy2-1-1024x1572.jpg 1024w, https:\/\/korner.eu\/wp-content\/uploads\/2020\/04\/pomagamy2-1.jpg 1419w\" sizes=\"(max-width: 667px) 100vw, 667px\" \/><\/figure><div class=\"wp-block-media-text__content\"><div class=\"row column default-GB clearfix\">\n<p>W procesie zdrowienia wielk\u0105 rol\u0119 odgrywaj\u0105 pozytywne emocje i \u015bmiech. Dlatego firma Poli-Eco ch\u0119tnie niesie pomoc najm\u0142odszym. Wsparli\u015bmy szpital przekazuj\u0105c odpowiedni\u0105 ilo\u015b\u0107 \u015brodk\u00f3w finansowych, dzi\u0119ki kt\u00f3rym pacjenci na chwil\u0119 zapomnieli o b\u00f3lu i przenie\u015bli si\u0119 w \u015bwiat ba\u015bniowych opowie\u015bci wraz artystami \u201eteatr za jeden u\u015bmiech&#8221; . Cieszymy si\u0119, \u017ce mogli\u015bmy wzi\u0105\u0107 udzia\u0142 w organizacji takiego przedsi\u0119wzi\u0119cia. Ma\u0142ym pacjentom Wojew\u00f3dzkiego Szpitala Klinicznego w Zielonej G\u00f3rze \u017cyczymy zdrowia i du\u017co u\u015bmiechu.<\/p>\n<\/div><\/div><\/div>\n<\/div><div class=\"row column default-GB clearfix\">\n\n<\/div>\n<section id=\"korner-block_5e9d650d677b7\" class=\"space-section   \" >\n\t<div class=\"space-block hide-for-small\" style=\"background-color:#FFFFFF; height: 15px;\" ><\/div>\n\t<div class=\"space-block show-for-small\" style=\"background-color:#FFFFFF; height: 15px;\" ><\/div>\n<\/section><div class=\"row column default-GB clearfix\">\n\n<\/div><div class=\"row column default-GB clearfix\">\n<hr class=\"wp-block-separator has-text-color has-background is-style-wide\" style=\"background-color:#808080;color:#808080\"\/>\n<\/div><div class=\"row column default-GB clearfix\">\n\n<\/div>\n<section id=\"korner-block_5e9d6519677b8\" class=\"space-section   \" >\n\t<div class=\"space-block hide-for-small\" style=\"background-color:#FFFFFF; height: 15px;\" ><\/div>\n\t<div class=\"space-block show-for-small\" style=\"background-color:#FFFFFF; height: 15px;\" ><\/div>\n<\/section><div class=\"row column default-GB clearfix\">\n\n<\/div><div class=\"row column default-GB clearfix\">\n<div class=\"wp-block-media-text alignwide is-stacked-on-mobile is-vertically-aligned-top\" style=\"grid-template-columns:34% auto\"><figure class=\"wp-block-media-text__media\"><img decoding=\"async\" width=\"498\" height=\"648\" src=\"https:\/\/korner.eu\/wp-content\/uploads\/2020\/04\/pomagamy3.jpg\" alt=\"\" class=\"wp-image-9789\" srcset=\"https:\/\/korner.eu\/wp-content\/uploads\/2020\/04\/pomagamy3.jpg 498w, https:\/\/korner.eu\/wp-content\/uploads\/2020\/04\/pomagamy3-231x300.jpg 231w, https:\/\/korner.eu\/wp-content\/uploads\/2020\/04\/pomagamy3-200x260.jpg 200w, https:\/\/korner.eu\/wp-content\/uploads\/2020\/04\/pomagamy3-400x520.jpg 400w\" sizes=\"(max-width: 498px) 100vw, 498px\" \/><\/figure><div class=\"wp-block-media-text__content\"><div class=\"row column default-GB clearfix\">\n<p>W procesie zdrowienia wielk\u0105 rol\u0119 odgrywaj\u0105 pozytywne emocje i \u015bmiech. Dlatego firma Poli-Eco ch\u0119tnie niesie pomoc najm\u0142odszym. Wsparli\u015bmy szpital przekazuj\u0105c odpowiedni\u0105 ilo\u015b\u0107 \u015brodk\u00f3w finansowych, dzi\u0119ki kt\u00f3rym pacjenci na chwil\u0119 zapomnieli o b\u00f3lu i przenie\u015bli si\u0119 w \u015bwiat ba\u015bniowych opowie\u015bci wraz artystami \u201eteatr za jeden u\u015bmiech&#8221; . Cieszymy si\u0119, \u017ce mogli\u015bmy wzi\u0105\u0107 udzia\u0142 w organizacji takiego przedsi\u0119wzi\u0119cia. Ma\u0142ym pacjentom Wojew\u00f3dzkiego Szpitala Klinicznego w Zielonej G\u00f3rze \u017cyczymy zdrowia i du\u017co u\u015bmiechu.<\/p>\n<\/div>\n\n<div class=\"row column default-GB clearfix\">\n<p><\/p>\n<\/div><\/div><\/div>\n<\/div><div class=\"row column default-GB clearfix\">\n\n<\/div>\n<section id=\"korner-block_5e9d659f677b9\" class=\"space-section   \" >\n\t<div class=\"space-block hide-for-small\" style=\"background-color:#FFFFFF; height: 15px;\" ><\/div>\n\t<div class=\"space-block show-for-small\" style=\"background-color:#FFFFFF; height: 15px;\" ><\/div>\n<\/section><div class=\"row column default-GB clearfix\">\n\n<\/div><div class=\"row column default-GB clearfix\">\n<hr class=\"wp-block-separator has-text-color has-background is-style-wide\" style=\"background-color:#808080;color:#808080\"\/>\n<\/div><div class=\"row column default-GB clearfix\">\n\n<\/div>\n<section id=\"korner-block_5e9d65ac677ba\" class=\"space-section   \" >\n\t<div class=\"space-block hide-for-small\" style=\"background-color:#FFFFFF; height: 15px;\" ><\/div>\n\t<div class=\"space-block show-for-small\" style=\"background-color:#FFFFFF; height: 15px;\" ><\/div>\n<\/section><div class=\"row column default-GB clearfix\">\n\n<\/div><div class=\"row column default-GB clearfix\">\n<div class=\"wp-block-media-text alignwide has-media-on-the-right is-stacked-on-mobile is-vertically-aligned-top\" style=\"grid-template-columns:auto 37%\"><figure class=\"wp-block-media-text__media\"><img decoding=\"async\" width=\"703\" height=\"1024\" src=\"https:\/\/korner.eu\/wp-content\/uploads\/2020\/04\/pomagamy4-703x1024.jpg\" alt=\"\" class=\"wp-image-9792\" srcset=\"https:\/\/korner.eu\/wp-content\/uploads\/2020\/04\/pomagamy4-703x1024.jpg 703w, https:\/\/korner.eu\/wp-content\/uploads\/2020\/04\/pomagamy4-206x300.jpg 206w, https:\/\/korner.eu\/wp-content\/uploads\/2020\/04\/pomagamy4-768x1119.jpg 768w, https:\/\/korner.eu\/wp-content\/uploads\/2020\/04\/pomagamy4-1054x1536.jpg 1054w, https:\/\/korner.eu\/wp-content\/uploads\/2020\/04\/pomagamy4-1405x2048.jpg 1405w, https:\/\/korner.eu\/wp-content\/uploads\/2020\/04\/pomagamy4-200x291.jpg 200w, https:\/\/korner.eu\/wp-content\/uploads\/2020\/04\/pomagamy4-400x583.jpg 400w, https:\/\/korner.eu\/wp-content\/uploads\/2020\/04\/pomagamy4-767x1118.jpg 767w, https:\/\/korner.eu\/wp-content\/uploads\/2020\/04\/pomagamy4-1024x1492.jpg 1024w, https:\/\/korner.eu\/wp-content\/uploads\/2020\/04\/pomagamy4.jpg 1581w\" sizes=\"(max-width: 703px) 100vw, 703px\" \/><\/figure><div class=\"wp-block-media-text__content\"><div class=\"row column default-GB clearfix\">\n<p>\u201eSzko\u0142a jako instytucja spo\u0142ecznego kszta\u0142cenia i wychowania ma zapewni\u0107 odpowiednie warunki rozwoju ka\u017cdej jednostce, b\u0119d\u0105c no\u015bnikiem warto\u015bci i do\u015bwiadcze\u0144 oraz miejscem zaspokajania jej potrzeb, poznawania siebie i \u015bwiata, aby lepiej mog\u0142a sob\u0105 kierowa\u0107. Realizacja funkcji szko\u0142y: dydaktycznej, wychowawczej, opieku\u0144czej, orientacji szkolnej, zawodowej i \u017cyciowej s\u0142u\u017cy przygotowaniu m\u0142odzie\u017cy do wielostronnego rozwoju i aktywno\u015bci&#8221; . Czes\u0142aw Banach<\/p>\n<\/div><\/div><\/div>\n<\/div><div class=\"row column default-GB clearfix\">\n\n<\/div>\n<section id=\"korner-block_5e9d6603677bb\" class=\"space-section   \" >\n\t<div class=\"space-block hide-for-small\" style=\"background-color:#FFFFFF; height: 15px;\" ><\/div>\n\t<div class=\"space-block show-for-small\" style=\"background-color:#FFFFFF; height: 15px;\" ><\/div>\n<\/section><div class=\"row column default-GB clearfix\">\n\n<\/div><div class=\"row column default-GB clearfix\">\n<hr class=\"wp-block-separator has-text-color has-background is-style-wide\" style=\"background-color:#808080;color:#808080\"\/>\n<\/div><div class=\"row column default-GB clearfix\">\n\n<\/div>\n<section id=\"korner-block_5e9d660d677bc\" class=\"space-section   \" >\n\t<div class=\"space-block hide-for-small\" style=\"background-color:#FFFFFF; height: 15px;\" ><\/div>\n\t<div class=\"space-block show-for-small\" style=\"background-color:#FFFFFF; height: 15px;\" ><\/div>\n<\/section><div class=\"row column default-GB clearfix\">\n\n<\/div><div class=\"row column default-GB clearfix\">\n<div class=\"wp-block-media-text alignwide is-stacked-on-mobile is-vertically-aligned-top\" style=\"grid-template-columns:34% auto\"><figure class=\"wp-block-media-text__media\"><img decoding=\"async\" width=\"462\" height=\"643\" src=\"https:\/\/korner.eu\/wp-content\/uploads\/2020\/04\/pomagamy5.png\" alt=\"\" class=\"wp-image-9795\" srcset=\"https:\/\/korner.eu\/wp-content\/uploads\/2020\/04\/pomagamy5.png 462w, https:\/\/korner.eu\/wp-content\/uploads\/2020\/04\/pomagamy5-216x300.png 216w, https:\/\/korner.eu\/wp-content\/uploads\/2020\/04\/pomagamy5-200x278.png 200w, https:\/\/korner.eu\/wp-content\/uploads\/2020\/04\/pomagamy5-400x557.png 400w\" sizes=\"(max-width: 462px) 100vw, 462px\" \/><\/figure><div class=\"wp-block-media-text__content\"><div class=\"row column default-GB clearfix\">\n<p>Firma Poli-Eco Tworzywa Sztuczne od wielu lat wspiera lokalne projekty.&nbsp; W tym roku mamy przyjemno\u015b\u0107 bra\u0107 udzia\u0142 w organizacji spotkania \u015brodowiska biznesu, kt\u00f3re odb\u0119dzie si\u0119 2-4 pa\u017adziernika 2019 roku w Zielonej G\u00f3rze i Nowej Soli. Celem spotkania b\u0119dzie dyskusja i poznanie najnowszych trend\u00f3w gospodarczych, oraz zidentyfikowanie szans i zagro\u017ce\u0144 rozwoju przedsi\u0119biorstw funkcjonuj\u0105cych w zachodniej Polsce..<\/p>\n<\/div>\n\n<div class=\"row column default-GB clearfix\">\n<p><\/p>\n<\/div><\/div><\/div>\n<\/div><div class=\"row column default-GB clearfix\">\n\n<\/div>\n<section id=\"korner-block_5e9d6633677bd\" class=\"space-section   \" >\n\t<div class=\"space-block hide-for-small\" style=\"background-color:#FFFFFF; height: 90px;\" ><\/div>\n\t<div class=\"space-block show-for-small\" style=\"background-color:#FFFFFF; height: 45px;\" ><\/div>\n<\/section>","protected":false},"excerpt":{"rendered":"<p>Mi\u0119dzynarodowy Dzie\u0144 Dziecka to \u015bwi\u0119to wszystkich dzieci na ca\u0142ym \u015bwiecie. Z tej okazji firma Poli-Eco pomog\u0142a w organizacji eventu dla najm\u0142odszych zorganizowanego przez Szpital Uniwersytecki imienia Karola Marcinkowskiego w Zielonej G\u00f3rze. Dla dzieci przebywaj\u0105cych na Klinicznym Oddziale Pediatrii przygotowano upominki okoliczno\u015bciowe oraz interaktywne widowisko artystyczne i animacje promuj\u0105ce ekologi\u0119 i zdrowy tryb \u017cycia w\u015br\u00f3d dzieci [&hellip;]<\/p>\n","protected":false},"author":1,"featured_media":0,"parent":0,"menu_order":62,"comment_status":"closed","ping_status":"closed","template":"templates\/template-career.php","meta":{"_acf_changed":false,"footnotes":""},"class_list":["post-11267","page","type-page","status-publish","hentry"],"acf":[],"yoast_head":"<!-- This site is optimized with the Yoast SEO plugin v24.3 - https:\/\/yoast.com\/wordpress\/plugins\/seo\/ -->\n<title>Pomagamy - Korner<\/title>\n<meta name=\"robots\" content=\"index, follow, max-snippet:-1, max-image-preview:large, max-video-preview:-1\" \/>\n<link rel=\"canonical\" href=\"https:\/\/korner.eu\/en\/pomagamy\/\" \/>\n<meta property=\"og:locale\" content=\"en_US\" \/>\n<meta property=\"og:type\" content=\"article\" \/>\n<meta property=\"og:title\" content=\"Pomagamy - Korner\" \/>\n<meta property=\"og:description\" content=\"Mi\u0119dzynarodowy Dzie\u0144 Dziecka to \u015bwi\u0119to wszystkich dzieci na ca\u0142ym \u015bwiecie. Z tej okazji firma Poli-Eco pomog\u0142a w organizacji eventu dla najm\u0142odszych zorganizowanego przez Szpital Uniwersytecki imienia Karola Marcinkowskiego w Zielonej G\u00f3rze. Dla dzieci przebywaj\u0105cych na Klinicznym Oddziale Pediatrii przygotowano upominki okoliczno\u015bciowe oraz interaktywne widowisko artystyczne i animacje promuj\u0105ce ekologi\u0119 i zdrowy tryb \u017cycia w\u015br\u00f3d dzieci [&hellip;]\" \/>\n<meta property=\"og:url\" content=\"https:\/\/korner.eu\/en\/pomagamy\/\" \/>\n<meta property=\"og:site_name\" content=\"Korner\" \/>\n<meta property=\"article:publisher\" content=\"https:\/\/www.facebook.com\/korner.producent\/\" \/>\n<meta property=\"article:modified_time\" content=\"2020-05-26T17:46:38+00:00\" \/>\n<meta property=\"og:image\" content=\"https:\/\/korner.eu\/wp-content\/uploads\/2020\/03\/Layer_8.jpg\" \/>\n<meta name=\"twitter:card\" content=\"summary_large_image\" \/>\n<meta name=\"twitter:label1\" content=\"Est. reading time\" \/>\n\t<meta name=\"twitter:data1\" content=\"2 minutes\" \/>\n<script type=\"application\/ld+json\" class=\"yoast-schema-graph\">{\"@context\":\"https:\/\/schema.org\",\"@graph\":[{\"@type\":\"WebPage\",\"@id\":\"https:\/\/korner.eu\/en\/pomagamy\/\",\"url\":\"https:\/\/korner.eu\/en\/pomagamy\/\",\"name\":\"Pomagamy - Korner\",\"isPartOf\":{\"@id\":\"https:\/\/korner.eu\/en\/#website\"},\"primaryImageOfPage\":{\"@id\":\"https:\/\/korner.eu\/en\/pomagamy\/#primaryimage\"},\"image\":{\"@id\":\"https:\/\/korner.eu\/en\/pomagamy\/#primaryimage\"},\"thumbnailUrl\":\"https:\/\/korner.eu\/wp-content\/uploads\/2020\/03\/Layer_8.jpg\",\"datePublished\":\"2020-03-30T12:25:33+00:00\",\"dateModified\":\"2020-05-26T17:46:38+00:00\",\"breadcrumb\":{\"@id\":\"https:\/\/korner.eu\/en\/pomagamy\/#breadcrumb\"},\"inLanguage\":\"en-US\",\"potentialAction\":[{\"@type\":\"ReadAction\",\"target\":[\"https:\/\/korner.eu\/en\/pomagamy\/\"]}]},{\"@type\":\"ImageObject\",\"inLanguage\":\"en-US\",\"@id\":\"https:\/\/korner.eu\/en\/pomagamy\/#primaryimage\",\"url\":\"https:\/\/korner.eu\/wp-content\/uploads\/2020\/03\/Layer_8.jpg\",\"contentUrl\":\"https:\/\/korner.eu\/wp-content\/uploads\/2020\/03\/Layer_8.jpg\"},{\"@type\":\"BreadcrumbList\",\"@id\":\"https:\/\/korner.eu\/en\/pomagamy\/#breadcrumb\",\"itemListElement\":[{\"@type\":\"ListItem\",\"position\":1,\"name\":\"Strona g\u0142\u00f3wna\",\"item\":\"https:\/\/korner.eu\/en\/\"},{\"@type\":\"ListItem\",\"position\":2,\"name\":\"Pomagamy\"}]},{\"@type\":\"WebSite\",\"@id\":\"https:\/\/korner.eu\/en\/#website\",\"url\":\"https:\/\/korner.eu\/en\/\",\"name\":\"Korner\",\"description\":\"\",\"publisher\":{\"@id\":\"https:\/\/korner.eu\/en\/#organization\"},\"potentialAction\":[{\"@type\":\"SearchAction\",\"target\":{\"@type\":\"EntryPoint\",\"urlTemplate\":\"https:\/\/korner.eu\/en\/?s={search_term_string}\"},\"query-input\":{\"@type\":\"PropertyValueSpecification\",\"valueRequired\":true,\"valueName\":\"search_term_string\"}}],\"inLanguage\":\"en-US\"},{\"@type\":\"Organization\",\"@id\":\"https:\/\/korner.eu\/en\/#organization\",\"name\":\"Poli-Eco Tworzywa Sztuczne Sp. z o.o.\",\"url\":\"https:\/\/korner.eu\/en\/\",\"logo\":{\"@type\":\"ImageObject\",\"inLanguage\":\"en-US\",\"@id\":\"https:\/\/korner.eu\/en\/#\/schema\/logo\/image\/\",\"url\":\"https:\/\/korner.eu\/wp-content\/uploads\/2020\/03\/logo.png\",\"contentUrl\":\"https:\/\/korner.eu\/wp-content\/uploads\/2020\/03\/logo.png\",\"width\":180,\"height\":48,\"caption\":\"Poli-Eco Tworzywa Sztuczne Sp. z o.o.\"},\"image\":{\"@id\":\"https:\/\/korner.eu\/en\/#\/schema\/logo\/image\/\"},\"sameAs\":[\"https:\/\/www.facebook.com\/korner.producent\/\",\"https:\/\/www.instagram.com\/korner.producer\/\",\"https:\/\/www.linkedin.com\/in\/korner-producer\/\"]}]}<\/script>\n<!-- \/ Yoast SEO plugin. -->","yoast_head_json":{"title":"Pomagamy - Korner","robots":{"index":"index","follow":"follow","max-snippet":"max-snippet:-1","max-image-preview":"max-image-preview:large","max-video-preview":"max-video-preview:-1"},"canonical":"https:\/\/korner.eu\/en\/pomagamy\/","og_locale":"en_US","og_type":"article","og_title":"Pomagamy - Korner","og_description":"Mi\u0119dzynarodowy Dzie\u0144 Dziecka to \u015bwi\u0119to wszystkich dzieci na ca\u0142ym \u015bwiecie. Z tej okazji firma Poli-Eco pomog\u0142a w organizacji eventu dla najm\u0142odszych zorganizowanego przez Szpital Uniwersytecki imienia Karola Marcinkowskiego w Zielonej G\u00f3rze. Dla dzieci przebywaj\u0105cych na Klinicznym Oddziale Pediatrii przygotowano upominki okoliczno\u015bciowe oraz interaktywne widowisko artystyczne i animacje promuj\u0105ce ekologi\u0119 i zdrowy tryb \u017cycia w\u015br\u00f3d dzieci [&hellip;]","og_url":"https:\/\/korner.eu\/en\/pomagamy\/","og_site_name":"Korner","article_publisher":"https:\/\/www.facebook.com\/korner.producent\/","article_modified_time":"2020-05-26T17:46:38+00:00","og_image":[{"url":"https:\/\/korner.eu\/wp-content\/uploads\/2020\/03\/Layer_8.jpg","type":"","width":"","height":""}],"twitter_card":"summary_large_image","twitter_misc":{"Est. reading time":"2 minutes"},"schema":{"@context":"https:\/\/schema.org","@graph":[{"@type":"WebPage","@id":"https:\/\/korner.eu\/en\/pomagamy\/","url":"https:\/\/korner.eu\/en\/pomagamy\/","name":"Pomagamy - Korner","isPartOf":{"@id":"https:\/\/korner.eu\/en\/#website"},"primaryImageOfPage":{"@id":"https:\/\/korner.eu\/en\/pomagamy\/#primaryimage"},"image":{"@id":"https:\/\/korner.eu\/en\/pomagamy\/#primaryimage"},"thumbnailUrl":"https:\/\/korner.eu\/wp-content\/uploads\/2020\/03\/Layer_8.jpg","datePublished":"2020-03-30T12:25:33+00:00","dateModified":"2020-05-26T17:46:38+00:00","breadcrumb":{"@id":"https:\/\/korner.eu\/en\/pomagamy\/#breadcrumb"},"inLanguage":"en-US","potentialAction":[{"@type":"ReadAction","target":["https:\/\/korner.eu\/en\/pomagamy\/"]}]},{"@type":"ImageObject","inLanguage":"en-US","@id":"https:\/\/korner.eu\/en\/pomagamy\/#primaryimage","url":"https:\/\/korner.eu\/wp-content\/uploads\/2020\/03\/Layer_8.jpg","contentUrl":"https:\/\/korner.eu\/wp-content\/uploads\/2020\/03\/Layer_8.jpg"},{"@type":"BreadcrumbList","@id":"https:\/\/korner.eu\/en\/pomagamy\/#breadcrumb","itemListElement":[{"@type":"ListItem","position":1,"name":"Strona g\u0142\u00f3wna","item":"https:\/\/korner.eu\/en\/"},{"@type":"ListItem","position":2,"name":"Pomagamy"}]},{"@type":"WebSite","@id":"https:\/\/korner.eu\/en\/#website","url":"https:\/\/korner.eu\/en\/","name":"Korner","description":"","publisher":{"@id":"https:\/\/korner.eu\/en\/#organization"},"potentialAction":[{"@type":"SearchAction","target":{"@type":"EntryPoint","urlTemplate":"https:\/\/korner.eu\/en\/?s={search_term_string}"},"query-input":{"@type":"PropertyValueSpecification","valueRequired":true,"valueName":"search_term_string"}}],"inLanguage":"en-US"},{"@type":"Organization","@id":"https:\/\/korner.eu\/en\/#organization","name":"Poli-Eco Tworzywa Sztuczne Sp. z o.o.","url":"https:\/\/korner.eu\/en\/","logo":{"@type":"ImageObject","inLanguage":"en-US","@id":"https:\/\/korner.eu\/en\/#\/schema\/logo\/image\/","url":"https:\/\/korner.eu\/wp-content\/uploads\/2020\/03\/logo.png","contentUrl":"https:\/\/korner.eu\/wp-content\/uploads\/2020\/03\/logo.png","width":180,"height":48,"caption":"Poli-Eco Tworzywa Sztuczne Sp. z o.o."},"image":{"@id":"https:\/\/korner.eu\/en\/#\/schema\/logo\/image\/"},"sameAs":["https:\/\/www.facebook.com\/korner.producent\/","https:\/\/www.instagram.com\/korner.producer\/","https:\/\/www.linkedin.com\/in\/korner-producer\/"]}]}},"_links":{"self":[{"href":"https:\/\/korner.eu\/en\/wp-json\/wp\/v2\/pages\/11267","targetHints":{"allow":["GET"]}}],"collection":[{"href":"https:\/\/korner.eu\/en\/wp-json\/wp\/v2\/pages"}],"about":[{"href":"https:\/\/korner.eu\/en\/wp-json\/wp\/v2\/types\/page"}],"author":[{"embeddable":true,"href":"https:\/\/korner.eu\/en\/wp-json\/wp\/v2\/users\/1"}],"replies":[{"embeddable":true,"href":"https:\/\/korner.eu\/en\/wp-json\/wp\/v2\/comments?post=11267"}],"version-history":[{"count":1,"href":"https:\/\/korner.eu\/en\/wp-json\/wp\/v2\/pages\/11267\/revisions"}],"predecessor-version":[{"id":11277,"href":"https:\/\/korner.eu\/en\/wp-json\/wp\/v2\/pages\/11267\/revisions\/11277"}],"wp:attachment":[{"href":"https:\/\/korner.eu\/en\/wp-json\/wp\/v2\/media?parent=11267"}],"curies":[{"name":"wp","href":"https:\/\/api.w.org\/{rel}","templated":true}]}}