{"id":11234,"date":"2020-03-30T11:15:33","date_gmt":"2020-03-30T11:15:33","guid":{"rendered":"https:\/\/korner.eu\/kariera\/"},"modified":"2023-10-16T23:46:09","modified_gmt":"2023-10-16T21:46:09","slug":"kariera","status":"publish","type":"page","link":"https:\/\/korner.eu\/en\/kariera\/","title":{"rendered":"Kariera"},"content":{"rendered":"\n<section id=\"korner-block_05ac47879ffe20429eca9d9f9045834b\" class=\"space-section   \" >\n\t<div class=\"space-block hide-for-small\" style=\"background-color:#FFFFFF; height: 15px;\" ><\/div>\n\t<div class=\"space-block show-for-small\" style=\"background-color:#FFFFFF; height: 50px;\" ><\/div>\n<\/section><div class=\"row column default-GB clearfix\">\n\n<\/div>\n<section id=\"korner-block_82d4ae3222947852f521a3921d6e2dd3\" class=\"section-career-list \">\n\n\t<div class=\"career-filter\">\n\t\t\t\t\t<!--  <select class=\"career-filter-select career-filter-select-style career-filter-select-category\">\n\t\t\t\t\t\t\t<option value=\"all-category\" selected=\"selected\"><\/option>\n\t\t\t\t\t\t\t\t\t\t<option value=\"\"><\/option>\n\t\t\t\t\t<\/select>  -->\n\n\t\t<select class=\"career-filter-select career-filter-select-style career-filter-select-date\">\n\t\t\t\t\t\t\t<option value=\"all-date\" selected=\"selected\">Sort by date<\/option>\n\t\t\t\t\t\t\t\t\t\t<option value=\"latest\" >latest<\/option>\n\t\t\t\t\t\t\t\t\t\t<option value=\"oldest\" >oldest<\/option>\n\t\t\t\t\t<\/select>\n\t<\/div>\n\n\n\t\t\t\n\t\t\t\t\t\t\t<div id=\"post-type-career-list\" class=\"\">\n\t\t\t\t\t\t\t\t\t\t\t\t\t\t\t\t\t\t\t<div class=\"accordion-item career-accordion-item all-category\" data-careerdate=\"1615334400\" >\n\t\t\t\t\t\t<h3 class=\"accordion-item-title\">Operator w\u00f3zka wid\u0142owego<svg xmlns=\"http:\/\/www.w3.org\/2000\/svg\" viewBox=\"0 0 24 24\"><path d=\"M0 7.33l2.829-2.83 9.175 9.339 9.167-9.339 2.829 2.83-11.996 12.17z\"\/><\/svg>\n\t\t\t\t\t\t\t<span class=\"career-date\" >10.03.2021<\/span>\n\t\t\t\t\t\t<\/h3>\n\t\t\t\t\t\t<div class=\"accordion-item-content\">\n\t\t\t\t\t\t\t\t\t\t<section id=\"korner-block_5e82167ffa487\" class=\"text-section cover-bg \" style=\"background-color: ;color: \">\n\t\t<div class=\"row column default-GB clearfix\">\n\t\t\t<h2 style=\"color: #1C1C1C; font-size: 72px; font-weight: 600; line-height: 82px; margin: 0 0 20px 0;\">Operator w\u00f3zka wid\u0142owego<\/h2>\n\t\t<\/div>\n\t\t<div class=\"row column \"><p><strong><img decoding=\"async\" class=\"wp-image-14736 size-medium alignright\" src=\"https:\/\/korner.eu\/wp-content\/uploads\/2021\/03\/shutterstock_64825435-300x200.jpg\" alt=\"\" width=\"300\" height=\"200\" srcset=\"https:\/\/korner.eu\/wp-content\/uploads\/2021\/03\/shutterstock_64825435-300x200.jpg 300w, https:\/\/korner.eu\/wp-content\/uploads\/2021\/03\/shutterstock_64825435-1024x683.jpg 1024w, https:\/\/korner.eu\/wp-content\/uploads\/2021\/03\/shutterstock_64825435-768x512.jpg 768w, https:\/\/korner.eu\/wp-content\/uploads\/2021\/03\/shutterstock_64825435-1536x1024.jpg 1536w, https:\/\/korner.eu\/wp-content\/uploads\/2021\/03\/shutterstock_64825435-2048x1365.jpg 2048w, https:\/\/korner.eu\/wp-content\/uploads\/2021\/03\/shutterstock_64825435-200x133.jpg 200w, https:\/\/korner.eu\/wp-content\/uploads\/2021\/03\/shutterstock_64825435-400x267.jpg 400w, https:\/\/korner.eu\/wp-content\/uploads\/2021\/03\/shutterstock_64825435-767x511.jpg 767w, https:\/\/korner.eu\/wp-content\/uploads\/2021\/03\/shutterstock_64825435-180x120.jpg 180w\" sizes=\"(max-width: 300px) 100vw, 300px\" \/>Zakres obowi\u0105zk\u00f3w:<\/strong><\/p>\n<ul>\n<li>za\u0142adunek i roz\u0142adunek towar\u00f3w.<\/li>\n<\/ul>\n<p><strong>Wymagania:<\/strong><\/p>\n<ul>\n<li>uprawnienia na w\u00f3zki wid\u0142owe UDT \u2013 warunek konieczny,<\/li>\n<li>mile widziana znajomo\u015b\u0107 obs\u0142ugi terminala do skanowania kod\u00f3w kreskowych,<\/li>\n<li>gotowo\u015b\u0107 do pracy w systemie trzyzmianowym.<\/li>\n<\/ul>\n<p><strong>Oferujemy:<\/strong><\/p>\n<ul>\n<li>umow\u0119 o\u00a0prac\u0119,<\/li>\n<li>mo\u017cliwo\u015b\u0107 dofinansowania dalszego kszta\u0142cenia,<\/li>\n<li>prac\u0119 od zaraz.\n<p>Zg\u0142oszenia powinny zawiera\u0107 CV oraz list motywacyjny. Nades\u0142anych ofert nie zwracamy. Zastrzegamy sobie mo\u017cliwo\u015b\u0107 odpowiedzi tylko na wybrane oferty. Z wybranymi kandydatami skontaktujemy si\u0119 telefonicznie.Prosimy o dopisanie klauzuli: Zgodnie z art.6 ust.1 lit. a og\u00f3lnego rozporz\u0105dzenia o ochronie danych osobowych z dnia 27 kwietnia 2016 r. (Dz. Urz. UE L 119 z 04.05.2016) wyra\u017cam zgod\u0119 na przetwarzanie moich danych osobowych dla potrzeb aktualnej i przysz\u0142ych rekrutacji.<\/li>\n<\/ul>\n<\/div>\n\t<\/section>\n\n\t\t\t\t\t\t<\/div>\n\t\t\t\t\t<\/div>\n\t\t\t\t\t\t\t\t\t\t\t\t\t\t\t\t\t\t\t<div class=\"accordion-item career-accordion-item all-category\" data-careerdate=\"1585526400\" >\n\t\t\t\t\t\t<h3 class=\"accordion-item-title\">Operator Maszyn<svg xmlns=\"http:\/\/www.w3.org\/2000\/svg\" viewBox=\"0 0 24 24\"><path d=\"M0 7.33l2.829-2.83 9.175 9.339 9.167-9.339 2.829 2.83-11.996 12.17z\"\/><\/svg>\n\t\t\t\t\t\t\t<span class=\"career-date\" >30.03.2020<\/span>\n\t\t\t\t\t\t<\/h3>\n\t\t\t\t\t\t<div class=\"accordion-item-content\">\n\t\t\t\t\t\t\t\t\t\t<section id=\"korner-block_5e82167ffa487\" class=\"text-section cover-bg \" style=\"background-color: ;color: \">\n\t\t<div class=\"row column default-GB clearfix\">\n\t\t\t<h2 style=\"color: #1C1C1C; font-size: 72px; font-weight: 600; line-height: 82px; margin: 0 0 20px 0;\">Operator Maszyn<\/h2>\n\t\t<\/div>\n\t\t<div class=\"row column \"><p><strong><a href=\"http:\/\/korner.eu\/wp-content\/uploads\/2020\/03\/operator-maszyn.jpg\"><img decoding=\"async\" class=\"alignright wp-image-2236 size-full\" src=\"http:\/\/korner.eu\/wp-content\/uploads\/2020\/03\/operator-maszyn.jpg\" alt=\"\" width=\"338\" height=\"312\" \/><\/a>Zakres obowi\u0105zk\u00f3w:<\/strong><\/p>\n<ul>\n<li>obs\u0142uga urz\u0105dze\u0144 zgodnie z instrukcjami obs\u0142ugi i maksymalne wykorzystanie zgodnie z ich parametrami technicznymi,<\/li>\n<li>produkcja wyrob\u00f3w zgodnie z Normami Technologicznymi dla stanowisk pracy.<\/li>\n<\/ul>\n<p><strong>Wymagania:<\/strong><\/p>\n<ul>\n<li>wykszta\u0142cenie min. zawodowe,<\/li>\n<li>mile widziane do\u015bwiadczenie w produkcji,<\/li>\n<li>gotowo\u015b\u0107 do pracy w systemie zmianowym<\/li>\n<\/ul>\n<p>&nbsp;<\/p>\n<p><strong>Oferujemy:<\/strong><\/p>\n<ul>\n<li>mo\u017cliwo\u015b\u0107 rozwoju zawodowego,<\/li>\n<li>umowa o\u00a0prac\u0119 z\u00a0mo\u017cliwo\u015bci\u0105 sta\u0142ej wsp\u00f3\u0142pracy,<\/li>\n<li>atrakcyjne wynagrodzenie<br \/>\nZg\u0142oszenia powinny zawiera\u0107 CV oraz list motywacyjny. Nades\u0142anych ofert nie zwracamy. Zastrzegamy sobie mo\u017cliwo\u015b\u0107 odpowiedzi tylko na wybrane oferty. Z wybranymi kandydatami skontaktujemy si\u0119 telefonicznie.Prosimy o dopisanie klauzuli: Zgodnie z art.6 ust.1 lit. a og\u00f3lnego rozporz\u0105dzenia o ochronie danych osobowych z dnia 27 kwietnia 2016 r. (Dz. Urz. UE L 119 z 04.05.2016) wyra\u017cam zgod\u0119 na przetwarzanie moich danych osobowych dla potrzeb aktualnej i przysz\u0142ych rekrutacji.<\/li>\n<\/ul>\n<\/div>\n\t<\/section>\n\n\t\t\t\t\t\t<\/div>\n\t\t\t\t\t<\/div>\n\t\t\t\t\t\t\t<\/div>\n\t\t\t<\/section>\n\n<div class=\"row column default-GB clearfix\">\n\n<\/div><div class=\"row column default-GB clearfix\">\n<p><\/p>\n<\/div>","protected":false},"excerpt":{"rendered":"","protected":false},"author":1,"featured_media":0,"parent":0,"menu_order":37,"comment_status":"closed","ping_status":"closed","template":"templates\/template-career.php","meta":{"_acf_changed":false,"footnotes":""},"class_list":["post-11234","page","type-page","status-publish","hentry"],"acf":[],"yoast_head":"<!-- This site is optimized with the Yoast SEO plugin v24.3 - https:\/\/yoast.com\/wordpress\/plugins\/seo\/ -->\n<title>Kariera - Korner<\/title>\n<meta name=\"robots\" content=\"noindex, follow\" \/>\n<meta property=\"og:locale\" content=\"en_US\" \/>\n<meta property=\"og:type\" content=\"article\" \/>\n<meta property=\"og:title\" content=\"Kariera - Korner\" \/>\n<meta property=\"og:url\" content=\"https:\/\/korner.eu\/en\/kariera\/\" \/>\n<meta property=\"og:site_name\" content=\"Korner\" \/>\n<meta property=\"article:publisher\" content=\"https:\/\/www.facebook.com\/korner.producent\/\" \/>\n<meta property=\"article:modified_time\" content=\"2023-10-16T21:46:09+00:00\" \/>\n<meta name=\"twitter:card\" content=\"summary_large_image\" \/>\n<script type=\"application\/ld+json\" class=\"yoast-schema-graph\">{\"@context\":\"https:\/\/schema.org\",\"@graph\":[{\"@type\":\"WebPage\",\"@id\":\"https:\/\/korner.eu\/en\/kariera\/\",\"url\":\"https:\/\/korner.eu\/en\/kariera\/\",\"name\":\"Kariera - Korner\",\"isPartOf\":{\"@id\":\"https:\/\/korner.eu\/en\/#website\"},\"datePublished\":\"2020-03-30T11:15:33+00:00\",\"dateModified\":\"2023-10-16T21:46:09+00:00\",\"breadcrumb\":{\"@id\":\"https:\/\/korner.eu\/en\/kariera\/#breadcrumb\"},\"inLanguage\":\"en-US\",\"potentialAction\":[{\"@type\":\"ReadAction\",\"target\":[\"https:\/\/korner.eu\/en\/kariera\/\"]}]},{\"@type\":\"BreadcrumbList\",\"@id\":\"https:\/\/korner.eu\/en\/kariera\/#breadcrumb\",\"itemListElement\":[{\"@type\":\"ListItem\",\"position\":1,\"name\":\"Strona g\u0142\u00f3wna\",\"item\":\"https:\/\/korner.eu\/en\/\"},{\"@type\":\"ListItem\",\"position\":2,\"name\":\"Kariera\"}]},{\"@type\":\"WebSite\",\"@id\":\"https:\/\/korner.eu\/en\/#website\",\"url\":\"https:\/\/korner.eu\/en\/\",\"name\":\"Korner\",\"description\":\"\",\"publisher\":{\"@id\":\"https:\/\/korner.eu\/en\/#organization\"},\"potentialAction\":[{\"@type\":\"SearchAction\",\"target\":{\"@type\":\"EntryPoint\",\"urlTemplate\":\"https:\/\/korner.eu\/en\/?s={search_term_string}\"},\"query-input\":{\"@type\":\"PropertyValueSpecification\",\"valueRequired\":true,\"valueName\":\"search_term_string\"}}],\"inLanguage\":\"en-US\"},{\"@type\":\"Organization\",\"@id\":\"https:\/\/korner.eu\/en\/#organization\",\"name\":\"Poli-Eco Tworzywa Sztuczne Sp. z o.o.\",\"url\":\"https:\/\/korner.eu\/en\/\",\"logo\":{\"@type\":\"ImageObject\",\"inLanguage\":\"en-US\",\"@id\":\"https:\/\/korner.eu\/en\/#\/schema\/logo\/image\/\",\"url\":\"https:\/\/korner.eu\/wp-content\/uploads\/2020\/03\/logo.png\",\"contentUrl\":\"https:\/\/korner.eu\/wp-content\/uploads\/2020\/03\/logo.png\",\"width\":180,\"height\":48,\"caption\":\"Poli-Eco Tworzywa Sztuczne Sp. z o.o.\"},\"image\":{\"@id\":\"https:\/\/korner.eu\/en\/#\/schema\/logo\/image\/\"},\"sameAs\":[\"https:\/\/www.facebook.com\/korner.producent\/\",\"https:\/\/www.instagram.com\/korner.producer\/\",\"https:\/\/www.linkedin.com\/in\/korner-producer\/\"]}]}<\/script>\n<!-- \/ Yoast SEO plugin. -->","yoast_head_json":{"title":"Kariera - Korner","robots":{"index":"noindex","follow":"follow"},"og_locale":"en_US","og_type":"article","og_title":"Kariera - Korner","og_url":"https:\/\/korner.eu\/en\/kariera\/","og_site_name":"Korner","article_publisher":"https:\/\/www.facebook.com\/korner.producent\/","article_modified_time":"2023-10-16T21:46:09+00:00","twitter_card":"summary_large_image","schema":{"@context":"https:\/\/schema.org","@graph":[{"@type":"WebPage","@id":"https:\/\/korner.eu\/en\/kariera\/","url":"https:\/\/korner.eu\/en\/kariera\/","name":"Kariera - Korner","isPartOf":{"@id":"https:\/\/korner.eu\/en\/#website"},"datePublished":"2020-03-30T11:15:33+00:00","dateModified":"2023-10-16T21:46:09+00:00","breadcrumb":{"@id":"https:\/\/korner.eu\/en\/kariera\/#breadcrumb"},"inLanguage":"en-US","potentialAction":[{"@type":"ReadAction","target":["https:\/\/korner.eu\/en\/kariera\/"]}]},{"@type":"BreadcrumbList","@id":"https:\/\/korner.eu\/en\/kariera\/#breadcrumb","itemListElement":[{"@type":"ListItem","position":1,"name":"Strona g\u0142\u00f3wna","item":"https:\/\/korner.eu\/en\/"},{"@type":"ListItem","position":2,"name":"Kariera"}]},{"@type":"WebSite","@id":"https:\/\/korner.eu\/en\/#website","url":"https:\/\/korner.eu\/en\/","name":"Korner","description":"","publisher":{"@id":"https:\/\/korner.eu\/en\/#organization"},"potentialAction":[{"@type":"SearchAction","target":{"@type":"EntryPoint","urlTemplate":"https:\/\/korner.eu\/en\/?s={search_term_string}"},"query-input":{"@type":"PropertyValueSpecification","valueRequired":true,"valueName":"search_term_string"}}],"inLanguage":"en-US"},{"@type":"Organization","@id":"https:\/\/korner.eu\/en\/#organization","name":"Poli-Eco Tworzywa Sztuczne Sp. z o.o.","url":"https:\/\/korner.eu\/en\/","logo":{"@type":"ImageObject","inLanguage":"en-US","@id":"https:\/\/korner.eu\/en\/#\/schema\/logo\/image\/","url":"https:\/\/korner.eu\/wp-content\/uploads\/2020\/03\/logo.png","contentUrl":"https:\/\/korner.eu\/wp-content\/uploads\/2020\/03\/logo.png","width":180,"height":48,"caption":"Poli-Eco Tworzywa Sztuczne Sp. z o.o."},"image":{"@id":"https:\/\/korner.eu\/en\/#\/schema\/logo\/image\/"},"sameAs":["https:\/\/www.facebook.com\/korner.producent\/","https:\/\/www.instagram.com\/korner.producer\/","https:\/\/www.linkedin.com\/in\/korner-producer\/"]}]}},"_links":{"self":[{"href":"https:\/\/korner.eu\/en\/wp-json\/wp\/v2\/pages\/11234","targetHints":{"allow":["GET"]}}],"collection":[{"href":"https:\/\/korner.eu\/en\/wp-json\/wp\/v2\/pages"}],"about":[{"href":"https:\/\/korner.eu\/en\/wp-json\/wp\/v2\/types\/page"}],"author":[{"embeddable":true,"href":"https:\/\/korner.eu\/en\/wp-json\/wp\/v2\/users\/1"}],"replies":[{"embeddable":true,"href":"https:\/\/korner.eu\/en\/wp-json\/wp\/v2\/comments?post=11234"}],"version-history":[{"count":2,"href":"https:\/\/korner.eu\/en\/wp-json\/wp\/v2\/pages\/11234\/revisions"}],"predecessor-version":[{"id":22786,"href":"https:\/\/korner.eu\/en\/wp-json\/wp\/v2\/pages\/11234\/revisions\/22786"}],"wp:attachment":[{"href":"https:\/\/korner.eu\/en\/wp-json\/wp\/v2\/media?parent=11234"}],"curies":[{"name":"wp","href":"https:\/\/api.w.org\/{rel}","templated":true}]}}