{"id":11274,"date":"2020-03-16T09:09:15","date_gmt":"2020-03-16T09:09:15","guid":{"rendered":"https:\/\/korner.eu\/produkty\/"},"modified":"2022-10-12T08:43:20","modified_gmt":"2022-10-12T06:43:20","slug":"produkte","status":"publish","type":"page","link":"https:\/\/korner.eu\/de\/produkte\/","title":{"rendered":"Produkte"},"content":{"rendered":"\n<section id=\"korner-block_5e6f658a9f0f9\" class=\"top-section-with-title cover-bg  \">\n\t\t\t<picture >\n\t\t\t<source media='(max-width: 400px)'\n\t\t\tsrcset='https:\/\/korner.eu\/wp-content\/uploads\/2022\/10\/Gray-and-Yellow-Simple-Minimalist-Furniture-Sale-Email-Header-7-400x538.jpg'\/>\n\t\t\t<source media='(max-width: 767px)'\n\t\t\tsrcset='https:\/\/korner.eu\/wp-content\/uploads\/2022\/10\/Gray-and-Yellow-Simple-Minimalist-Furniture-Sale-Email-Header-7-767x538.jpg'\/>\n\t\t\t<source media='(max-width: 1024px)'\n\t\t\tsrcset='https:\/\/korner.eu\/wp-content\/uploads\/2022\/10\/Gray-and-Yellow-Simple-Minimalist-Furniture-Sale-Email-Header-7-1024x538.jpg'\/>\n\t\t\t<source media='(max-width: 1400px)'\n\t\t\tsrcset='https:\/\/korner.eu\/wp-content\/uploads\/2022\/10\/Gray-and-Yellow-Simple-Minimalist-Furniture-Sale-Email-Header-7-1400x538.jpg'\/>\n\t\t\t<img src='https:\/\/korner.eu\/wp-content\/uploads\/2022\/10\/Gray-and-Yellow-Simple-Minimalist-Furniture-Sale-Email-Header-7.jpg'\/>\n\t\t<\/picture>\n\t\t<div class=\"row column cover-bg-content \">\n\t\t\t\t\t\t\t<h1 class=\"h1 page-main-title \" style=\"color:#ffffff\">Lernen Sie <br> unser Angebot kennen.<\/h1>\n\t\t\t<\/div>\n<\/section>\n\n<div class=\"row column default-GB clearfix\">\n\n<\/div>\t\t<section id=\"korner-block_5ec27d7074436\" class=\"section-products-list section-post-type-list first-row-count-3  \">\n\t\t\t\t<div id=\"post-type-products\" class=\"products-list post-type-list taxonomy-list\">\n\t\t\t\t\t\t\t<div class=\"post-type-list-item taxonomy-list-item \">\n\t\t\t\t\t\t\t\t\t\t\t\t\t\t\t<a class=\"list-item-link list-item-image\"  href=\"https:\/\/korner.eu\/de\/produkte\/vinylboden-mit-hartem-kern\/\" style=\"background-image: url(https:\/\/korner.eu\/wp-content\/uploads\/2020\/03\/img-17.jpg)\">\n\t\t\t\t\t\t<div class=\"list-item-content\">\n\t\t\t\t\t\t\t\t\t\t\t\t\t\t\t<h3 class=\"list-item-title\"> Vinylboden mit hartem Kern<\/h3>\n\t\t\t\t\t\t\t\t\t\t\t\t\t\t\t\t\t\t\t\t\t\t<p>Korner Floor ist eine Kombination von einzigartiger Funktionalit\u00e4t und Best\u00e4ndigkeit der angewendeten Materialien mit Sch\u00f6nheit der klassischen Holzb\u00f6den.<\/p>\n\t\t\t\t\t\t\t\t\t\t\t\t\t\t\t\t\t\t\t\t\t\t<span class=\"product-more\" >Mehr >>><\/span>\n\t\t\t\t\t\t\t\t\t\t\t\t\t<\/div>\n\t\t\t\t\t<\/a>\n\t\t\t\t<\/div>\n\t\t\t\t\t\t\t<div class=\"post-type-list-item taxonomy-list-item \">\n\t\t\t\t\t\t\t\t\t\t\t\t\t\t\t<a class=\"list-item-link list-item-image\"  href=\"https:\/\/korner.eu\/de\/product_category\/sockelleisten\/\" style=\"background-image: url(https:\/\/korner.eu\/wp-content\/uploads\/2020\/03\/img-14.jpg)\">\n\t\t\t\t\t\t<div class=\"list-item-content\">\n\t\t\t\t\t\t\t\t\t\t\t\t\t\t\t<h3 class=\"list-item-title\">Sockelleisten<\/h3>\n\t\t\t\t\t\t\t\t\t\t\t\t\t\t\t\t\t\t\t\t\t\t<p>Korner-Bodenleisten sind eine Kollektion von Abschlussprofilen, die sich in dem verwendeten Material und dem Verwendungsort unterscheiden.<\/p>\n\t\t\t\t\t\t\t\t\t\t\t\t\t\t\t\t\t\t\t\t\t\t<span class=\"product-more\" >Mehr >>><\/span>\n\t\t\t\t\t\t\t\t\t\t\t\t\t<\/div>\n\t\t\t\t\t<\/a>\n\t\t\t\t<\/div>\n\t\t\t\t\t\t\t<div class=\"post-type-list-item taxonomy-list-item \">\n\t\t\t\t\t\t\t\t\t\t\t\t\t\t\t<a class=\"list-item-link list-item-image\"  href=\"https:\/\/korner.eu\/de\/product_category\/bodenunterlagen\/\" style=\"background-image: url(https:\/\/korner.eu\/wp-content\/uploads\/2020\/04\/podklady.png)\">\n\t\t\t\t\t\t<div class=\"list-item-content\">\n\t\t\t\t\t\t\t\t\t\t\t\t\t\t\t<h3 class=\"list-item-title\">Bodenunterlagen<\/h3>\n\t\t\t\t\t\t\t\t\t\t\t\t\t\t\t\t\t\t\t\t\t\t<p>Korner Bodenunterlagen sind ein umfassendes Angebot der beliebtesten L\u00f6sungen auf dem Markt, angepasst an die Erwartungen sogar der anspruchsvollsten Benutzer.<\/p>\n\t\t\t\t\t\t\t\t\t\t\t\t\t\t\t\t\t\t\t\t\t\t<span class=\"product-more\" >Mehr >>><\/span>\n\t\t\t\t\t\t\t\t\t\t\t\t\t<\/div>\n\t\t\t\t\t<\/a>\n\t\t\t\t<\/div>\n\t\t\t\t\t<\/div>\n\n\t<\/section>\n\n<div class=\"row column default-GB clearfix\">\n\n<\/div>\t\t<section id=\"korner-block_634661dd45d54\" class=\"section-products-list section-post-type-list first-row-count-3  \">\n\t\t\t\t<div id=\"post-type-products\" class=\"products-list post-type-list taxonomy-list\">\n\t\t\t\t\t\t\t<div class=\"post-type-list-item taxonomy-list-item \">\n\t\t\t\t\t\t\t\t\t\t\t\t\t\t\t<a class=\"list-item-link list-item-image\"  href=\"https:\/\/korner.eu\/de\/product_category\/schutzprofile-fuer-moebel\/\" style=\"background-image: url(https:\/\/korner.eu\/wp-content\/uploads\/2020\/04\/korner-PRODUKTY-@pop_04.jpg)\">\n\t\t\t\t\t\t<div class=\"list-item-content\">\n\t\t\t\t\t\t\t\t\t\t\t\t\t\t\t<h3 class=\"list-item-title\"> Schutzprofile f\u00fcr M\u00f6bel<\/h3>\n\t\t\t\t\t\t\t\t\t\t\t\t\t\t\t\t\t\t\t\t\t\t<p>Korner Umleimer f\u00fcr M\u00f6bel aus hochwertigem Kunststoff &#8211; ABS und PVC&#8230;<\/p>\n\t\t\t\t\t\t\t\t\t\t\t\t\t\t\t\t\t\t\t\t\t\t<span class=\"product-more\" >Mehr >>><\/span>\n\t\t\t\t\t\t\t\t\t\t\t\t\t<\/div>\n\t\t\t\t\t<\/a>\n\t\t\t\t<\/div>\n\t\t\t\t\t\t\t<div class=\"post-type-list-item taxonomy-list-item \">\n\t\t\t\t\t\t\t\t\t\t\t\t\t\t\t<a class=\"list-item-link list-item-image\"  href=\"https:\/\/korner.eu\/de\/product_category\/wandabschlussleisten\/\" style=\"background-image: url(https:\/\/korner.eu\/wp-content\/uploads\/2020\/04\/2.jpg)\">\n\t\t\t\t\t\t<div class=\"list-item-content\">\n\t\t\t\t\t\t\t\t\t\t\t\t\t\t\t<h3 class=\"list-item-title\">Wandabschlussleisten<\/h3>\n\t\t\t\t\t\t\t\t\t\t\t\t\t\t\t\t\t\t\t\t\t\t<p>In unsere Angebot des Abschlusszubeh\u00f6re f\u00fcr die M\u00f6bel finden Sie auch Abschlussleisten, M\u00f6belsockel und Dichtungprofille.<\/p>\n\t\t\t\t\t\t\t\t\t\t\t\t\t\t\t\t\t\t\t\t\t\t<span class=\"product-more\" >Mehr >>><\/span>\n\t\t\t\t\t\t\t\t\t\t\t\t\t<\/div>\n\t\t\t\t\t<\/a>\n\t\t\t\t<\/div>\n\t\t\t\t\t\t\t<div class=\"post-type-list-item taxonomy-list-item \">\n\t\t\t\t\t\t\t\t\t\t\t\t\t\t\t<a class=\"list-item-link list-item-image\"  href=\"https:\/\/korner.eu\/de\/product_category\/profile-fuer-duschkabinen\/\" style=\"background-image: url(https:\/\/korner.eu\/wp-content\/uploads\/2020\/04\/korner-PRODUKTY-@pop_09.jpg)\">\n\t\t\t\t\t\t<div class=\"list-item-content\">\n\t\t\t\t\t\t\t\t\t\t\t\t\t\t\t<h3 class=\"list-item-title\"> Profile f\u00fcr Duschkabinen<\/h3>\n\t\t\t\t\t\t\t\t\t\t\t\t\t\t\t\t\t\t\t\t\t\t<p>Als Unternehmen mit langj\u00e4hriger Erfahrung auf dem Gebiet der Spritzguss &#8211; und Extrusionsproduktion&#8230;<\/p>\n\t\t\t\t\t\t\t\t\t\t\t\t\t\t\t\t\t\t\t\t\t\t<span class=\"product-more\" >Mehr >>><\/span>\n\t\t\t\t\t\t\t\t\t\t\t\t\t<\/div>\n\t\t\t\t\t<\/a>\n\t\t\t\t<\/div>\n\t\t\t\t\t<\/div>\n\n\t<\/section>\n\n","protected":false},"excerpt":{"rendered":"","protected":false},"author":1,"featured_media":0,"parent":0,"menu_order":70,"comment_status":"closed","ping_status":"closed","template":"","meta":{"_acf_changed":false,"footnotes":""},"class_list":["post-11274","page","type-page","status-publish","hentry"],"acf":[],"yoast_head":"<!-- This site is optimized with the Yoast SEO plugin v24.3 - https:\/\/yoast.com\/wordpress\/plugins\/seo\/ -->\n<title>Produkte - Korner<\/title>\n<meta name=\"robots\" content=\"index, follow, max-snippet:-1, max-image-preview:large, max-video-preview:-1\" \/>\n<link rel=\"canonical\" href=\"https:\/\/korner.eu\/de\/produkte\/\" \/>\n<meta property=\"og:locale\" content=\"de_DE\" \/>\n<meta property=\"og:type\" content=\"article\" \/>\n<meta property=\"og:title\" content=\"Produkte - Korner\" \/>\n<meta property=\"og:url\" content=\"https:\/\/korner.eu\/de\/produkte\/\" \/>\n<meta property=\"og:site_name\" content=\"Korner\" \/>\n<meta property=\"article:publisher\" content=\"https:\/\/www.facebook.com\/korner.producent\/\" \/>\n<meta property=\"article:modified_time\" content=\"2022-10-12T06:43:20+00:00\" \/>\n<meta name=\"twitter:card\" content=\"summary_large_image\" \/>\n<script type=\"application\/ld+json\" class=\"yoast-schema-graph\">{\"@context\":\"https:\/\/schema.org\",\"@graph\":[{\"@type\":\"WebPage\",\"@id\":\"https:\/\/korner.eu\/de\/produkte\/\",\"url\":\"https:\/\/korner.eu\/de\/produkte\/\",\"name\":\"Produkte - Korner\",\"isPartOf\":{\"@id\":\"https:\/\/korner.eu\/de\/#website\"},\"datePublished\":\"2020-03-16T09:09:15+00:00\",\"dateModified\":\"2022-10-12T06:43:20+00:00\",\"breadcrumb\":{\"@id\":\"https:\/\/korner.eu\/de\/produkte\/#breadcrumb\"},\"inLanguage\":\"de\",\"potentialAction\":[{\"@type\":\"ReadAction\",\"target\":[\"https:\/\/korner.eu\/de\/produkte\/\"]}]},{\"@type\":\"BreadcrumbList\",\"@id\":\"https:\/\/korner.eu\/de\/produkte\/#breadcrumb\",\"itemListElement\":[{\"@type\":\"ListItem\",\"position\":1,\"name\":\"Strona g\u0142\u00f3wna\",\"item\":\"https:\/\/korner.eu\/de\/\"},{\"@type\":\"ListItem\",\"position\":2,\"name\":\"Produkte\"}]},{\"@type\":\"WebSite\",\"@id\":\"https:\/\/korner.eu\/de\/#website\",\"url\":\"https:\/\/korner.eu\/de\/\",\"name\":\"Korner\",\"description\":\"\",\"publisher\":{\"@id\":\"https:\/\/korner.eu\/de\/#organization\"},\"potentialAction\":[{\"@type\":\"SearchAction\",\"target\":{\"@type\":\"EntryPoint\",\"urlTemplate\":\"https:\/\/korner.eu\/de\/?s={search_term_string}\"},\"query-input\":{\"@type\":\"PropertyValueSpecification\",\"valueRequired\":true,\"valueName\":\"search_term_string\"}}],\"inLanguage\":\"de\"},{\"@type\":\"Organization\",\"@id\":\"https:\/\/korner.eu\/de\/#organization\",\"name\":\"Poli-Eco Tworzywa Sztuczne Sp. z o.o.\",\"url\":\"https:\/\/korner.eu\/de\/\",\"logo\":{\"@type\":\"ImageObject\",\"inLanguage\":\"de\",\"@id\":\"https:\/\/korner.eu\/de\/#\/schema\/logo\/image\/\",\"url\":\"https:\/\/korner.eu\/wp-content\/uploads\/2020\/03\/logo.png\",\"contentUrl\":\"https:\/\/korner.eu\/wp-content\/uploads\/2020\/03\/logo.png\",\"width\":180,\"height\":48,\"caption\":\"Poli-Eco Tworzywa Sztuczne Sp. z o.o.\"},\"image\":{\"@id\":\"https:\/\/korner.eu\/de\/#\/schema\/logo\/image\/\"},\"sameAs\":[\"https:\/\/www.facebook.com\/korner.producent\/\",\"https:\/\/www.instagram.com\/korner.producer\/\",\"https:\/\/www.linkedin.com\/in\/korner-producer\/\"]}]}<\/script>\n<!-- \/ Yoast SEO plugin. -->","yoast_head_json":{"title":"Produkte - Korner","robots":{"index":"index","follow":"follow","max-snippet":"max-snippet:-1","max-image-preview":"max-image-preview:large","max-video-preview":"max-video-preview:-1"},"canonical":"https:\/\/korner.eu\/de\/produkte\/","og_locale":"de_DE","og_type":"article","og_title":"Produkte - Korner","og_url":"https:\/\/korner.eu\/de\/produkte\/","og_site_name":"Korner","article_publisher":"https:\/\/www.facebook.com\/korner.producent\/","article_modified_time":"2022-10-12T06:43:20+00:00","twitter_card":"summary_large_image","schema":{"@context":"https:\/\/schema.org","@graph":[{"@type":"WebPage","@id":"https:\/\/korner.eu\/de\/produkte\/","url":"https:\/\/korner.eu\/de\/produkte\/","name":"Produkte - Korner","isPartOf":{"@id":"https:\/\/korner.eu\/de\/#website"},"datePublished":"2020-03-16T09:09:15+00:00","dateModified":"2022-10-12T06:43:20+00:00","breadcrumb":{"@id":"https:\/\/korner.eu\/de\/produkte\/#breadcrumb"},"inLanguage":"de","potentialAction":[{"@type":"ReadAction","target":["https:\/\/korner.eu\/de\/produkte\/"]}]},{"@type":"BreadcrumbList","@id":"https:\/\/korner.eu\/de\/produkte\/#breadcrumb","itemListElement":[{"@type":"ListItem","position":1,"name":"Strona g\u0142\u00f3wna","item":"https:\/\/korner.eu\/de\/"},{"@type":"ListItem","position":2,"name":"Produkte"}]},{"@type":"WebSite","@id":"https:\/\/korner.eu\/de\/#website","url":"https:\/\/korner.eu\/de\/","name":"Korner","description":"","publisher":{"@id":"https:\/\/korner.eu\/de\/#organization"},"potentialAction":[{"@type":"SearchAction","target":{"@type":"EntryPoint","urlTemplate":"https:\/\/korner.eu\/de\/?s={search_term_string}"},"query-input":{"@type":"PropertyValueSpecification","valueRequired":true,"valueName":"search_term_string"}}],"inLanguage":"de"},{"@type":"Organization","@id":"https:\/\/korner.eu\/de\/#organization","name":"Poli-Eco Tworzywa Sztuczne Sp. z o.o.","url":"https:\/\/korner.eu\/de\/","logo":{"@type":"ImageObject","inLanguage":"de","@id":"https:\/\/korner.eu\/de\/#\/schema\/logo\/image\/","url":"https:\/\/korner.eu\/wp-content\/uploads\/2020\/03\/logo.png","contentUrl":"https:\/\/korner.eu\/wp-content\/uploads\/2020\/03\/logo.png","width":180,"height":48,"caption":"Poli-Eco Tworzywa Sztuczne Sp. z o.o."},"image":{"@id":"https:\/\/korner.eu\/de\/#\/schema\/logo\/image\/"},"sameAs":["https:\/\/www.facebook.com\/korner.producent\/","https:\/\/www.instagram.com\/korner.producer\/","https:\/\/www.linkedin.com\/in\/korner-producer\/"]}]}},"_links":{"self":[{"href":"https:\/\/korner.eu\/de\/wp-json\/wp\/v2\/pages\/11274","targetHints":{"allow":["GET"]}}],"collection":[{"href":"https:\/\/korner.eu\/de\/wp-json\/wp\/v2\/pages"}],"about":[{"href":"https:\/\/korner.eu\/de\/wp-json\/wp\/v2\/types\/page"}],"author":[{"embeddable":true,"href":"https:\/\/korner.eu\/de\/wp-json\/wp\/v2\/users\/1"}],"replies":[{"embeddable":true,"href":"https:\/\/korner.eu\/de\/wp-json\/wp\/v2\/comments?post=11274"}],"version-history":[{"count":8,"href":"https:\/\/korner.eu\/de\/wp-json\/wp\/v2\/pages\/11274\/revisions"}],"predecessor-version":[{"id":18616,"href":"https:\/\/korner.eu\/de\/wp-json\/wp\/v2\/pages\/11274\/revisions\/18616"}],"wp:attachment":[{"href":"https:\/\/korner.eu\/de\/wp-json\/wp\/v2\/media?parent=11274"}],"curies":[{"name":"wp","href":"https:\/\/api.w.org\/{rel}","templated":true}]}}