{"id":11271,"date":"2020-03-30T14:04:40","date_gmt":"2020-03-30T14:04:40","guid":{"rendered":"https:\/\/korner.eu\/praktyki-i-staze\/"},"modified":"2020-05-26T17:47:21","modified_gmt":"2020-05-26T17:47:21","slug":"praktyki-i-staze","status":"publish","type":"page","link":"https:\/\/korner.eu\/de\/praktyki-i-staze\/","title":{"rendered":"Praktyki i sta\u017ce"},"content":{"rendered":"\n<section id=\"korner-block_5e81fd3634290\" class=\"space-section   \" >\n\t<div class=\"space-block hide-for-small\" style=\"background-color:#FFFFFF; height: 50px;\" ><\/div>\n\t<div class=\"space-block show-for-small\" style=\"background-color:#FFFFFF; height: 35px;\" ><\/div>\n<\/section><div class=\"row column default-GB clearfix\">\n\n<\/div><div class=\"row column default-GB clearfix\">\n<h4 class=\"wp-block-heading\">Modernizacja kszta\u0142cenia zawodowego w Powiecie \u017barskim<\/h4>\n<\/div><div class=\"row column default-GB clearfix\">\n\n<\/div>\n<section id=\"korner-block_5e81fd4734291\" class=\"space-section   \" >\n\t<div class=\"space-block hide-for-small\" style=\"background-color:#FFFFFF; height: 10px;\" ><\/div>\n\t<div class=\"space-block show-for-small\" style=\"background-color:#FFFFFF; height: 10px;\" ><\/div>\n<\/section><div class=\"row column default-GB clearfix\">\n\n<\/div><div class=\"row column default-GB clearfix\">\n<div class=\"wp-block-media-text alignwide\"><figure class=\"wp-block-media-text__media\"><img decoding=\"async\" width=\"428\" height=\"289\" src=\"https:\/\/korner.eu\/wp-content\/uploads\/2020\/03\/Screen_Shot_2020-02-05_at_20.48.07.jpg\" alt=\"\" class=\"wp-image-8884\" srcset=\"https:\/\/korner.eu\/wp-content\/uploads\/2020\/03\/Screen_Shot_2020-02-05_at_20.48.07.jpg 428w, https:\/\/korner.eu\/wp-content\/uploads\/2020\/03\/Screen_Shot_2020-02-05_at_20.48.07-300x203.jpg 300w, https:\/\/korner.eu\/wp-content\/uploads\/2020\/03\/Screen_Shot_2020-02-05_at_20.48.07-200x135.jpg 200w, https:\/\/korner.eu\/wp-content\/uploads\/2020\/03\/Screen_Shot_2020-02-05_at_20.48.07-400x270.jpg 400w\" sizes=\"(max-width: 428px) 100vw, 428px\" \/><\/figure><div class=\"wp-block-media-text__content\"><div class=\"row column default-GB clearfix\">\n<p class=\"has-normal-font-size\">Poli-eco bierze udzia\u0142 w projekcie &#8222;Modernizacja kszta\u0142cenia zawodowego w Powiecie \u017barskim&#8220; wsp\u00f3\u0142finansowanym przez Uni\u0119 Europejsk\u0105. <\/p>\n<\/div><\/div><\/div>\n<\/div><div class=\"row column default-GB clearfix\">\n\n<\/div><div class=\"row column default-GB clearfix\">\n<div class=\"wp-block-media-text alignwide has-media-on-the-right\"><figure class=\"wp-block-media-text__media\"><img decoding=\"async\" width=\"423\" height=\"288\" src=\"https:\/\/korner.eu\/wp-content\/uploads\/2020\/03\/Screen_Shot_2020-02-05_at_20.49.01.jpg\" alt=\"\" class=\"wp-image-8887\" srcset=\"https:\/\/korner.eu\/wp-content\/uploads\/2020\/03\/Screen_Shot_2020-02-05_at_20.49.01.jpg 423w, https:\/\/korner.eu\/wp-content\/uploads\/2020\/03\/Screen_Shot_2020-02-05_at_20.49.01-300x204.jpg 300w, https:\/\/korner.eu\/wp-content\/uploads\/2020\/03\/Screen_Shot_2020-02-05_at_20.49.01-200x136.jpg 200w, https:\/\/korner.eu\/wp-content\/uploads\/2020\/03\/Screen_Shot_2020-02-05_at_20.49.01-400x272.jpg 400w\" sizes=\"(max-width: 423px) 100vw, 423px\" \/><\/figure><div class=\"wp-block-media-text__content\"><div class=\"row column default-GB clearfix\">\n<p class=\"has-normal-font-size\">Celem projektu jest zwi\u0119kszenie szans na zatrudnienie uczni\u00f3w kszta\u0142c\u0105cych si\u0119 w szko\u0142ach zawodowych, poprzez popraw\u0119 efektywno\u015bci kszta\u0142cenia zawodowego oraz podniesienie u gimnazjalist\u00f3w zdolno\u015bci do podejmowania w\u0142a\u015bciwych decyzji. <\/p>\n<\/div><\/div><\/div>\n<\/div><div class=\"row column default-GB clearfix\">\n\n<\/div>\n<section id=\"korner-block_5e82140313cab\" class=\"space-section   \" >\n\t<div class=\"space-block hide-for-small\" style=\"background-color:#FFFFFF; height: 50px;\" ><\/div>\n\t<div class=\"space-block show-for-small\" style=\"background-color:#FFFFFF; height: 30px;\" ><\/div>\n<\/section><div class=\"row column default-GB clearfix\">\n\n<\/div>\n\n\n\t<section id=\"korner-block_5e82095b8a216\" class=\"logos-section cover-bg \" >\n\t\t<div class=\"row column \">\n\t\t\t<ul class=\"logos-list\" >\n\t\t\t\t\t\t\t\t\t\t\t\t\t\t\t\t\t\t\t<li class=\"logos-list-item\" >\n\t\t\t\t\t\t\t\t\t\t\t\t\t\t\t\t\t\t\t\t\t<img decoding=\"async\" src=\"https:\/\/korner.eu\/wp-content\/uploads\/2020\/03\/img-111.jpg\" alt=\"\">\n\t\t\t\t\t\t\t\t\t\t\t\t\t\t\t\t\t\t<\/li>\n\t\t\t\t\t\t\t\t\t\t\t\t\t\t\t\t\t\t\t<li class=\"logos-list-item\" >\n\t\t\t\t\t\t\t\t\t\t\t\t\t\t\t\t\t\t\t\t\t<img decoding=\"async\" src=\"https:\/\/korner.eu\/wp-content\/uploads\/2020\/03\/img-112.jpg\" alt=\"\">\n\t\t\t\t\t\t\t\t\t\t\t\t\t\t\t\t\t\t<\/li>\n\t\t\t\t\t\t\t\t\t\t\t\t\t\t\t\t\t\t\t<li class=\"logos-list-item\" >\n\t\t\t\t\t\t\t\t\t\t\t\t\t\t\t\t\t\t\t\t\t<img decoding=\"async\" src=\"https:\/\/korner.eu\/wp-content\/uploads\/2020\/03\/img-113.jpg\" alt=\"\">\n\t\t\t\t\t\t\t\t\t\t\t\t\t\t\t\t\t\t<\/li>\n\t\t\t\t\t\t\t\t\t\t\t\t\t\t\t\t\t\t\t<li class=\"logos-list-item\" >\n\t\t\t\t\t\t\t\t\t\t\t\t\t\t\t\t\t\t\t\t\t<img decoding=\"async\" src=\"https:\/\/korner.eu\/wp-content\/uploads\/2020\/03\/img-114.jpg\" alt=\"\">\n\t\t\t\t\t\t\t\t\t\t\t\t\t\t\t\t\t\t<\/li>\n\t\t\t\t\t\t\t\t\t\t\t\t\t\t\t\t\t\t\t<li class=\"logos-list-item\" >\n\t\t\t\t\t\t\t\t\t\t\t\t\t\t\t\t\t\t\t\t\t<img decoding=\"async\" src=\"https:\/\/korner.eu\/wp-content\/uploads\/2020\/03\/img-115.jpg\" alt=\"\">\n\t\t\t\t\t\t\t\t\t\t\t\t\t\t\t\t\t\t<\/li>\n\t\t\t\t\t\t\t\t\t\t\t\t\t\t\t\t\t\t\t<li class=\"logos-list-item\" >\n\t\t\t\t\t\t\t\t\t\t\t\t\t\t\t\t\t\t\t\t\t<img decoding=\"async\" src=\"https:\/\/korner.eu\/wp-content\/uploads\/2020\/03\/img-116.jpg\" alt=\"\">\n\t\t\t\t\t\t\t\t\t\t\t\t\t\t\t\t\t\t<\/li>\n\t\t\t\t\t\t\t<\/ul>\n\t\t<\/div>\n\t<\/section>\n\n<div class=\"row column default-GB clearfix\">\n\n<\/div>\n<section id=\"korner-block_5e82141313cac\" class=\"space-section   \" >\n\t<div class=\"space-block hide-for-small\" style=\"background-color:#FFFFFF; height: 100px;\" ><\/div>\n\t<div class=\"space-block show-for-small\" style=\"background-color:#FFFFFF; height: 50px;\" ><\/div>\n<\/section>","protected":false},"excerpt":{"rendered":"<p>Modernizacja kszta\u0142cenia zawodowego w Powiecie \u017barskim Poli-eco bierze udzia\u0142 w projekcie &#8222;Modernizacja kszta\u0142cenia zawodowego w Powiecie \u017barskim&#8220; wsp\u00f3\u0142finansowanym przez Uni\u0119 Europejsk\u0105. Celem projektu jest zwi\u0119kszenie szans na zatrudnienie uczni\u00f3w kszta\u0142c\u0105cych si\u0119 w szko\u0142ach zawodowych, poprzez popraw\u0119 efektywno\u015bci kszta\u0142cenia zawodowego oraz podniesienie u gimnazjalist\u00f3w zdolno\u015bci do podejmowania w\u0142a\u015bciwych decyzji.<\/p>\n","protected":false},"author":1,"featured_media":0,"parent":0,"menu_order":69,"comment_status":"closed","ping_status":"closed","template":"templates\/template-career.php","meta":{"_acf_changed":false,"footnotes":""},"class_list":["post-11271","page","type-page","status-publish","hentry"],"acf":[],"yoast_head":"<!-- This site is optimized with the Yoast SEO plugin v24.3 - https:\/\/yoast.com\/wordpress\/plugins\/seo\/ -->\n<title>Praktyki i sta\u017ce - Korner<\/title>\n<meta name=\"robots\" content=\"noindex, follow\" \/>\n<meta property=\"og:locale\" content=\"de_DE\" \/>\n<meta property=\"og:type\" content=\"article\" \/>\n<meta property=\"og:title\" content=\"Praktyki i sta\u017ce - Korner\" \/>\n<meta property=\"og:description\" content=\"Modernizacja kszta\u0142cenia zawodowego w Powiecie \u017barskim Poli-eco bierze udzia\u0142 w projekcie &#8222;Modernizacja kszta\u0142cenia zawodowego w Powiecie \u017barskim&#8220; wsp\u00f3\u0142finansowanym przez Uni\u0119 Europejsk\u0105. Celem projektu jest zwi\u0119kszenie szans na zatrudnienie uczni\u00f3w kszta\u0142c\u0105cych si\u0119 w szko\u0142ach zawodowych, poprzez popraw\u0119 efektywno\u015bci kszta\u0142cenia zawodowego oraz podniesienie u gimnazjalist\u00f3w zdolno\u015bci do podejmowania w\u0142a\u015bciwych decyzji.\" \/>\n<meta property=\"og:url\" content=\"https:\/\/korner.eu\/de\/praktyki-i-staze\/\" \/>\n<meta property=\"og:site_name\" content=\"Korner\" \/>\n<meta property=\"article:publisher\" content=\"https:\/\/www.facebook.com\/korner.producent\/\" \/>\n<meta property=\"article:modified_time\" content=\"2020-05-26T17:47:21+00:00\" \/>\n<meta property=\"og:image\" content=\"https:\/\/korner.eu\/wp-content\/uploads\/2020\/03\/Screen_Shot_2020-02-05_at_20.48.07.jpg\" \/>\n<meta name=\"twitter:card\" content=\"summary_large_image\" \/>\n<script type=\"application\/ld+json\" class=\"yoast-schema-graph\">{\"@context\":\"https:\/\/schema.org\",\"@graph\":[{\"@type\":\"WebPage\",\"@id\":\"https:\/\/korner.eu\/de\/praktyki-i-staze\/\",\"url\":\"https:\/\/korner.eu\/de\/praktyki-i-staze\/\",\"name\":\"Praktyki i sta\u017ce - Korner\",\"isPartOf\":{\"@id\":\"https:\/\/korner.eu\/de\/#website\"},\"primaryImageOfPage\":{\"@id\":\"https:\/\/korner.eu\/de\/praktyki-i-staze\/#primaryimage\"},\"image\":{\"@id\":\"https:\/\/korner.eu\/de\/praktyki-i-staze\/#primaryimage\"},\"thumbnailUrl\":\"https:\/\/korner.eu\/wp-content\/uploads\/2020\/03\/Screen_Shot_2020-02-05_at_20.48.07.jpg\",\"datePublished\":\"2020-03-30T14:04:40+00:00\",\"dateModified\":\"2020-05-26T17:47:21+00:00\",\"breadcrumb\":{\"@id\":\"https:\/\/korner.eu\/de\/praktyki-i-staze\/#breadcrumb\"},\"inLanguage\":\"de\",\"potentialAction\":[{\"@type\":\"ReadAction\",\"target\":[\"https:\/\/korner.eu\/de\/praktyki-i-staze\/\"]}]},{\"@type\":\"ImageObject\",\"inLanguage\":\"de\",\"@id\":\"https:\/\/korner.eu\/de\/praktyki-i-staze\/#primaryimage\",\"url\":\"https:\/\/korner.eu\/wp-content\/uploads\/2020\/03\/Screen_Shot_2020-02-05_at_20.48.07.jpg\",\"contentUrl\":\"https:\/\/korner.eu\/wp-content\/uploads\/2020\/03\/Screen_Shot_2020-02-05_at_20.48.07.jpg\"},{\"@type\":\"BreadcrumbList\",\"@id\":\"https:\/\/korner.eu\/de\/praktyki-i-staze\/#breadcrumb\",\"itemListElement\":[{\"@type\":\"ListItem\",\"position\":1,\"name\":\"Strona g\u0142\u00f3wna\",\"item\":\"https:\/\/korner.eu\/de\/\"},{\"@type\":\"ListItem\",\"position\":2,\"name\":\"Praktyki i sta\u017ce\"}]},{\"@type\":\"WebSite\",\"@id\":\"https:\/\/korner.eu\/de\/#website\",\"url\":\"https:\/\/korner.eu\/de\/\",\"name\":\"Korner\",\"description\":\"\",\"publisher\":{\"@id\":\"https:\/\/korner.eu\/de\/#organization\"},\"potentialAction\":[{\"@type\":\"SearchAction\",\"target\":{\"@type\":\"EntryPoint\",\"urlTemplate\":\"https:\/\/korner.eu\/de\/?s={search_term_string}\"},\"query-input\":{\"@type\":\"PropertyValueSpecification\",\"valueRequired\":true,\"valueName\":\"search_term_string\"}}],\"inLanguage\":\"de\"},{\"@type\":\"Organization\",\"@id\":\"https:\/\/korner.eu\/de\/#organization\",\"name\":\"Poli-Eco Tworzywa Sztuczne Sp. z o.o.\",\"url\":\"https:\/\/korner.eu\/de\/\",\"logo\":{\"@type\":\"ImageObject\",\"inLanguage\":\"de\",\"@id\":\"https:\/\/korner.eu\/de\/#\/schema\/logo\/image\/\",\"url\":\"https:\/\/korner.eu\/wp-content\/uploads\/2020\/03\/logo.png\",\"contentUrl\":\"https:\/\/korner.eu\/wp-content\/uploads\/2020\/03\/logo.png\",\"width\":180,\"height\":48,\"caption\":\"Poli-Eco Tworzywa Sztuczne Sp. z o.o.\"},\"image\":{\"@id\":\"https:\/\/korner.eu\/de\/#\/schema\/logo\/image\/\"},\"sameAs\":[\"https:\/\/www.facebook.com\/korner.producent\/\",\"https:\/\/www.instagram.com\/korner.producer\/\",\"https:\/\/www.linkedin.com\/in\/korner-producer\/\"]}]}<\/script>\n<!-- \/ Yoast SEO plugin. -->","yoast_head_json":{"title":"Praktyki i sta\u017ce - Korner","robots":{"index":"noindex","follow":"follow"},"og_locale":"de_DE","og_type":"article","og_title":"Praktyki i sta\u017ce - Korner","og_description":"Modernizacja kszta\u0142cenia zawodowego w Powiecie \u017barskim Poli-eco bierze udzia\u0142 w projekcie &#8222;Modernizacja kszta\u0142cenia zawodowego w Powiecie \u017barskim&#8220; wsp\u00f3\u0142finansowanym przez Uni\u0119 Europejsk\u0105. Celem projektu jest zwi\u0119kszenie szans na zatrudnienie uczni\u00f3w kszta\u0142c\u0105cych si\u0119 w szko\u0142ach zawodowych, poprzez popraw\u0119 efektywno\u015bci kszta\u0142cenia zawodowego oraz podniesienie u gimnazjalist\u00f3w zdolno\u015bci do podejmowania w\u0142a\u015bciwych decyzji.","og_url":"https:\/\/korner.eu\/de\/praktyki-i-staze\/","og_site_name":"Korner","article_publisher":"https:\/\/www.facebook.com\/korner.producent\/","article_modified_time":"2020-05-26T17:47:21+00:00","og_image":[{"url":"https:\/\/korner.eu\/wp-content\/uploads\/2020\/03\/Screen_Shot_2020-02-05_at_20.48.07.jpg","type":"","width":"","height":""}],"twitter_card":"summary_large_image","schema":{"@context":"https:\/\/schema.org","@graph":[{"@type":"WebPage","@id":"https:\/\/korner.eu\/de\/praktyki-i-staze\/","url":"https:\/\/korner.eu\/de\/praktyki-i-staze\/","name":"Praktyki i sta\u017ce - Korner","isPartOf":{"@id":"https:\/\/korner.eu\/de\/#website"},"primaryImageOfPage":{"@id":"https:\/\/korner.eu\/de\/praktyki-i-staze\/#primaryimage"},"image":{"@id":"https:\/\/korner.eu\/de\/praktyki-i-staze\/#primaryimage"},"thumbnailUrl":"https:\/\/korner.eu\/wp-content\/uploads\/2020\/03\/Screen_Shot_2020-02-05_at_20.48.07.jpg","datePublished":"2020-03-30T14:04:40+00:00","dateModified":"2020-05-26T17:47:21+00:00","breadcrumb":{"@id":"https:\/\/korner.eu\/de\/praktyki-i-staze\/#breadcrumb"},"inLanguage":"de","potentialAction":[{"@type":"ReadAction","target":["https:\/\/korner.eu\/de\/praktyki-i-staze\/"]}]},{"@type":"ImageObject","inLanguage":"de","@id":"https:\/\/korner.eu\/de\/praktyki-i-staze\/#primaryimage","url":"https:\/\/korner.eu\/wp-content\/uploads\/2020\/03\/Screen_Shot_2020-02-05_at_20.48.07.jpg","contentUrl":"https:\/\/korner.eu\/wp-content\/uploads\/2020\/03\/Screen_Shot_2020-02-05_at_20.48.07.jpg"},{"@type":"BreadcrumbList","@id":"https:\/\/korner.eu\/de\/praktyki-i-staze\/#breadcrumb","itemListElement":[{"@type":"ListItem","position":1,"name":"Strona g\u0142\u00f3wna","item":"https:\/\/korner.eu\/de\/"},{"@type":"ListItem","position":2,"name":"Praktyki i sta\u017ce"}]},{"@type":"WebSite","@id":"https:\/\/korner.eu\/de\/#website","url":"https:\/\/korner.eu\/de\/","name":"Korner","description":"","publisher":{"@id":"https:\/\/korner.eu\/de\/#organization"},"potentialAction":[{"@type":"SearchAction","target":{"@type":"EntryPoint","urlTemplate":"https:\/\/korner.eu\/de\/?s={search_term_string}"},"query-input":{"@type":"PropertyValueSpecification","valueRequired":true,"valueName":"search_term_string"}}],"inLanguage":"de"},{"@type":"Organization","@id":"https:\/\/korner.eu\/de\/#organization","name":"Poli-Eco Tworzywa Sztuczne Sp. z o.o.","url":"https:\/\/korner.eu\/de\/","logo":{"@type":"ImageObject","inLanguage":"de","@id":"https:\/\/korner.eu\/de\/#\/schema\/logo\/image\/","url":"https:\/\/korner.eu\/wp-content\/uploads\/2020\/03\/logo.png","contentUrl":"https:\/\/korner.eu\/wp-content\/uploads\/2020\/03\/logo.png","width":180,"height":48,"caption":"Poli-Eco Tworzywa Sztuczne Sp. z o.o."},"image":{"@id":"https:\/\/korner.eu\/de\/#\/schema\/logo\/image\/"},"sameAs":["https:\/\/www.facebook.com\/korner.producent\/","https:\/\/www.instagram.com\/korner.producer\/","https:\/\/www.linkedin.com\/in\/korner-producer\/"]}]}},"_links":{"self":[{"href":"https:\/\/korner.eu\/de\/wp-json\/wp\/v2\/pages\/11271","targetHints":{"allow":["GET"]}}],"collection":[{"href":"https:\/\/korner.eu\/de\/wp-json\/wp\/v2\/pages"}],"about":[{"href":"https:\/\/korner.eu\/de\/wp-json\/wp\/v2\/types\/page"}],"author":[{"embeddable":true,"href":"https:\/\/korner.eu\/de\/wp-json\/wp\/v2\/users\/1"}],"replies":[{"embeddable":true,"href":"https:\/\/korner.eu\/de\/wp-json\/wp\/v2\/comments?post=11271"}],"version-history":[{"count":1,"href":"https:\/\/korner.eu\/de\/wp-json\/wp\/v2\/pages\/11271\/revisions"}],"predecessor-version":[{"id":11286,"href":"https:\/\/korner.eu\/de\/wp-json\/wp\/v2\/pages\/11271\/revisions\/11286"}],"wp:attachment":[{"href":"https:\/\/korner.eu\/de\/wp-json\/wp\/v2\/media?parent=11271"}],"curies":[{"name":"wp","href":"https:\/\/api.w.org\/{rel}","templated":true}]}}