{"id":11262,"date":"2020-03-13T11:53:54","date_gmt":"2020-03-13T11:53:54","guid":{"rendered":"https:\/\/korner.eu\/o-nas\/"},"modified":"2022-08-05T13:48:32","modified_gmt":"2022-08-05T11:48:32","slug":"uber-uns","status":"publish","type":"page","link":"https:\/\/korner.eu\/de\/uber-uns\/","title":{"rendered":"\u00dcber uns"},"content":{"rendered":"<div class=\"row column default-GB clearfix\">\n<h1 class=\"wp-block-heading\">\u00dcber uns<\/h1>\n<\/div><div class=\"row column default-GB clearfix\">\n\n<\/div>\n<section id=\"korner-block_5e6b7874b74c4\" class=\"full-width-section  reverse-column\" >\n\t\t\t<div class=\"full-width-section-image cover-bg cover-bg-img wow fadeInRight\">\n\t\t\t<picture >\n\t\t\t\t<source media='(max-width: 400px)'\n\t\t\t\tsrcset='https:\/\/korner.eu\/wp-content\/uploads\/2022\/08\/Projekt-bez-tytulu1-400x335.jpg'\/>\n\t\t\t\t<source media='(max-width: 767px)'\n\t\t\t\tsrcset='https:\/\/korner.eu\/wp-content\/uploads\/2022\/08\/Projekt-bez-tytulu1-767x643.jpg'\/>\n\t\t\t\t<source media='(max-width: 1024px)'\n\t\t\t\tsrcset='https:\/\/korner.eu\/wp-content\/uploads\/2022\/08\/Projekt-bez-tytulu1.jpg'\/>\n\t\t\t\t<img src='https:\/\/korner.eu\/wp-content\/uploads\/2022\/08\/Projekt-bez-tytulu1.jpg'\/>\n\t\t\t<\/picture>\n\t\t<\/div>\n\t\t\n\t\t\t<div class=\"full-width-section-content \" >\n\t\t<div class=\" full-width-section-text\" >\n\t\t\t\t\t\t<div class=\"wow fadeInLeft\">\n\t\t\t\t<p class=\" text-JUSTIFY\"><strong>Firma Poli- Eco Tworzywa Sztuczne Sp. z o.o. . <\/strong>ist einer der f\u00fchrenden Hersteller Europas von Produkten aus PVC f\u00fcr den Innenausbau. Unser Unternehmen besteht schon seit \u00fcber 30 Jahren und verfestigt ihre Position auf dem Markt kontinuierlich. Die perfekt gef\u00fchrte Firma sowie ein sehr gut ausgebildetes Personal und erfahrene Fachleute tragen dazu bei, dass unsere Produkte besonders hochwertig sind.<\/p>\n<p class=\" text-JUSTIFY\">Die dynamische Entwicklung unserer Firma war unter anderem dank der Europ\u00e4ischen F\u00f6rdermittel m\u00f6glich. Wir haben unsere Mischanlagen modernisiert, neue Labors aufgebaut, wo wir unsere Produkte und ihre Qualit\u00e4t laufend pr\u00fcfen und \u00fcberwachen k\u00f6nnen. Die Produkte h\u00f6chster Qualit\u00e4t werden in modernisierten Fertigungshallen hergestellt. .<\/p>\n<p class=\" text-JUSTIFY\">Die Poli-Eco Group entwickelt immer neue Sockelleisten und Zubeh\u00f6rteile, um W\u00fcnschen und Anforderungen von Kunden gerecht zu werden. Termintreue und die st\u00e4ndige Verbesserung der Qualit\u00e4t unserer Produkte stellen unsere Kunden garantiert zufrieden.<\/p>\n\t\t\t<\/div>\n\t\t<\/div>\n\t<\/div>\n\n<\/section>\n\n<div class=\"row column default-GB clearfix\">\n\n<\/div>\n<section id=\"korner-block_5e6b7a06e5bf6\" class=\"full-width-section  \" >\n\t\t\t<div class=\"full-width-section-image cover-bg cover-bg-img wow fadeInLeft\">\n\t\t\t<picture >\n\t\t\t\t<source media='(max-width: 400px)'\n\t\t\t\tsrcset='https:\/\/korner.eu\/wp-content\/uploads\/2022\/08\/Projekt-bez-tytulu-min1-400x186.jpg'\/>\n\t\t\t\t<source media='(max-width: 767px)'\n\t\t\t\tsrcset='https:\/\/korner.eu\/wp-content\/uploads\/2022\/08\/Projekt-bez-tytulu-min1-767x357.jpg'\/>\n\t\t\t\t<source media='(max-width: 1024px)'\n\t\t\t\tsrcset='https:\/\/korner.eu\/wp-content\/uploads\/2022\/08\/Projekt-bez-tytulu-min1.jpg'\/>\n\t\t\t\t<img src='https:\/\/korner.eu\/wp-content\/uploads\/2022\/08\/Projekt-bez-tytulu-min1.jpg'\/>\n\t\t\t<\/picture>\n\t\t<\/div>\n\t\t\n\t\t\t<div class=\"full-width-section-content \" >\n\t\t<div class=\" full-width-section-text\" >\n\t\t\t\t\t\t<div class=\"wow fadeInRight\">\n\t\t\t\t<p>Unsere QS-Managementzertifizierung nach ISO:9001:2015 durch T\u00dcV Rheinland Polska Sp. z o.o. im Bereich der Entwicklung und Fertigung von Kunststoffprodukten ist sicherlich ein Beweis f\u00fcr diese Einstellung.<\/p>\n<p>Die Sockelleisten aus weichem PVC werden nach der polnischen Norm PN-81\/B-89002, und die Sockelleisten aus gesch\u00e4umtem und hartem PVC nach der technischen Zulassung des Instituts f\u00fcr Bautechnik aus Warschau (AT-15-4651\/2004) hergestellt. Die Produkte unserer Firma werden auf dem Markt unter einer Handelsmarke KORNER.<\/p>\n\t\t\t<\/div>\n\t\t<\/div>\n\t<\/div>\n\n<\/section>\n\n<div class=\"row column default-GB clearfix\">\n\n<\/div>\n<section id=\"korner-block_5e6b7a02e5bf5\" class=\"full-width-section  reverse-column\" >\n\t\t\t<div class=\"full-width-section-image cover-bg cover-bg-img wow fadeInRight\">\n\t\t\t<picture >\n\t\t\t\t<source media='(max-width: 400px)'\n\t\t\t\tsrcset='https:\/\/korner.eu\/wp-content\/uploads\/2022\/08\/earth-1617121_1920-1-400x225.jpg'\/>\n\t\t\t\t<source media='(max-width: 767px)'\n\t\t\t\tsrcset='https:\/\/korner.eu\/wp-content\/uploads\/2022\/08\/earth-1617121_1920-1-767x431.jpg'\/>\n\t\t\t\t<source media='(max-width: 1024px)'\n\t\t\t\tsrcset='https:\/\/korner.eu\/wp-content\/uploads\/2022\/08\/earth-1617121_1920-1-1024x575.jpg'\/>\n\t\t\t\t<img src='https:\/\/korner.eu\/wp-content\/uploads\/2022\/08\/earth-1617121_1920-1.jpg'\/>\n\t\t\t<\/picture>\n\t\t<\/div>\n\t\t\n\t\t\t<div class=\"full-width-section-content \" >\n\t\t<div class=\" full-width-section-text\" >\n\t\t\t\t\t\t<div class=\"wow fadeInLeft\">\n\t\t\t\t<p class=\" text-JUSTIFY\"><b>Wir sind in folgenden L\u00e4ndern vertreten: Polen, Russland, Litauen, Lettland, Estland, Wei\u00dfrussland, Ukraine, Kasachstan, Moldawien, Aserbaidschan, tschechische Republik, Slowakei, Ungarn, Rum\u00e4nien, Bulgarien, Griechenland, Deutschland, Usbekistan oder Georgien. <\/b><\/p>\n<p class=\" text-JUSTIFY\">In Folge der Modernisierung konnte der Verbrauch von Blei begrenzt werden, so machen wir uns f\u00fcr den Umweltschutz stark. Die Verwendung von Calcium-Zink-Stabilisatoren ist auch eine moderne und umweltfreundliche Technik.<\/p>\n<p>&nbsp;<\/p>\n<p>&nbsp;<\/p>\n\t\t\t<\/div>\n\t\t<\/div>\n\t<\/div>\n\n<\/section>\n\n<div class=\"row column default-GB clearfix\">\n\n<\/div><div class=\"row column default-GB clearfix\">\n<p><\/p>\n<\/div>","protected":false},"excerpt":{"rendered":"<p>\u00dcber uns<\/p>\n","protected":false},"author":1,"featured_media":0,"parent":0,"menu_order":54,"comment_status":"closed","ping_status":"closed","template":"","meta":{"_acf_changed":false,"footnotes":""},"class_list":["post-11262","page","type-page","status-publish","hentry"],"acf":[],"yoast_head":"<!-- This site is optimized with the Yoast SEO plugin v24.3 - https:\/\/yoast.com\/wordpress\/plugins\/seo\/ -->\n<title>\u00dcber uns - Korner<\/title>\n<meta name=\"robots\" content=\"index, follow, max-snippet:-1, max-image-preview:large, max-video-preview:-1\" \/>\n<link rel=\"canonical\" href=\"https:\/\/korner.eu\/de\/uber-uns\/\" \/>\n<meta property=\"og:locale\" content=\"de_DE\" \/>\n<meta property=\"og:type\" content=\"article\" \/>\n<meta property=\"og:title\" content=\"\u00dcber uns - Korner\" \/>\n<meta property=\"og:description\" content=\"\u00dcber uns\" \/>\n<meta property=\"og:url\" content=\"https:\/\/korner.eu\/de\/uber-uns\/\" \/>\n<meta property=\"og:site_name\" content=\"Korner\" \/>\n<meta property=\"article:publisher\" content=\"https:\/\/www.facebook.com\/korner.producent\/\" \/>\n<meta property=\"article:modified_time\" content=\"2022-08-05T11:48:32+00:00\" \/>\n<meta name=\"twitter:card\" content=\"summary_large_image\" \/>\n<meta name=\"twitter:label1\" content=\"Gesch\u00e4tzte Lesezeit\" \/>\n\t<meta name=\"twitter:data1\" content=\"1\u00a0Minute\" \/>\n<script type=\"application\/ld+json\" class=\"yoast-schema-graph\">{\"@context\":\"https:\/\/schema.org\",\"@graph\":[{\"@type\":\"WebPage\",\"@id\":\"https:\/\/korner.eu\/de\/uber-uns\/\",\"url\":\"https:\/\/korner.eu\/de\/uber-uns\/\",\"name\":\"\u00dcber uns - Korner\",\"isPartOf\":{\"@id\":\"https:\/\/korner.eu\/de\/#website\"},\"datePublished\":\"2020-03-13T11:53:54+00:00\",\"dateModified\":\"2022-08-05T11:48:32+00:00\",\"breadcrumb\":{\"@id\":\"https:\/\/korner.eu\/de\/uber-uns\/#breadcrumb\"},\"inLanguage\":\"de\",\"potentialAction\":[{\"@type\":\"ReadAction\",\"target\":[\"https:\/\/korner.eu\/de\/uber-uns\/\"]}]},{\"@type\":\"BreadcrumbList\",\"@id\":\"https:\/\/korner.eu\/de\/uber-uns\/#breadcrumb\",\"itemListElement\":[{\"@type\":\"ListItem\",\"position\":1,\"name\":\"Strona g\u0142\u00f3wna\",\"item\":\"https:\/\/korner.eu\/de\/\"},{\"@type\":\"ListItem\",\"position\":2,\"name\":\"\u00dcber uns\"}]},{\"@type\":\"WebSite\",\"@id\":\"https:\/\/korner.eu\/de\/#website\",\"url\":\"https:\/\/korner.eu\/de\/\",\"name\":\"Korner\",\"description\":\"\",\"publisher\":{\"@id\":\"https:\/\/korner.eu\/de\/#organization\"},\"potentialAction\":[{\"@type\":\"SearchAction\",\"target\":{\"@type\":\"EntryPoint\",\"urlTemplate\":\"https:\/\/korner.eu\/de\/?s={search_term_string}\"},\"query-input\":{\"@type\":\"PropertyValueSpecification\",\"valueRequired\":true,\"valueName\":\"search_term_string\"}}],\"inLanguage\":\"de\"},{\"@type\":\"Organization\",\"@id\":\"https:\/\/korner.eu\/de\/#organization\",\"name\":\"Poli-Eco Tworzywa Sztuczne Sp. z o.o.\",\"url\":\"https:\/\/korner.eu\/de\/\",\"logo\":{\"@type\":\"ImageObject\",\"inLanguage\":\"de\",\"@id\":\"https:\/\/korner.eu\/de\/#\/schema\/logo\/image\/\",\"url\":\"https:\/\/korner.eu\/wp-content\/uploads\/2020\/03\/logo.png\",\"contentUrl\":\"https:\/\/korner.eu\/wp-content\/uploads\/2020\/03\/logo.png\",\"width\":180,\"height\":48,\"caption\":\"Poli-Eco Tworzywa Sztuczne Sp. z o.o.\"},\"image\":{\"@id\":\"https:\/\/korner.eu\/de\/#\/schema\/logo\/image\/\"},\"sameAs\":[\"https:\/\/www.facebook.com\/korner.producent\/\",\"https:\/\/www.instagram.com\/korner.producer\/\",\"https:\/\/www.linkedin.com\/in\/korner-producer\/\"]}]}<\/script>\n<!-- \/ Yoast SEO plugin. -->","yoast_head_json":{"title":"\u00dcber uns - Korner","robots":{"index":"index","follow":"follow","max-snippet":"max-snippet:-1","max-image-preview":"max-image-preview:large","max-video-preview":"max-video-preview:-1"},"canonical":"https:\/\/korner.eu\/de\/uber-uns\/","og_locale":"de_DE","og_type":"article","og_title":"\u00dcber uns - Korner","og_description":"\u00dcber uns","og_url":"https:\/\/korner.eu\/de\/uber-uns\/","og_site_name":"Korner","article_publisher":"https:\/\/www.facebook.com\/korner.producent\/","article_modified_time":"2022-08-05T11:48:32+00:00","twitter_card":"summary_large_image","twitter_misc":{"Gesch\u00e4tzte Lesezeit":"1\u00a0Minute"},"schema":{"@context":"https:\/\/schema.org","@graph":[{"@type":"WebPage","@id":"https:\/\/korner.eu\/de\/uber-uns\/","url":"https:\/\/korner.eu\/de\/uber-uns\/","name":"\u00dcber uns - Korner","isPartOf":{"@id":"https:\/\/korner.eu\/de\/#website"},"datePublished":"2020-03-13T11:53:54+00:00","dateModified":"2022-08-05T11:48:32+00:00","breadcrumb":{"@id":"https:\/\/korner.eu\/de\/uber-uns\/#breadcrumb"},"inLanguage":"de","potentialAction":[{"@type":"ReadAction","target":["https:\/\/korner.eu\/de\/uber-uns\/"]}]},{"@type":"BreadcrumbList","@id":"https:\/\/korner.eu\/de\/uber-uns\/#breadcrumb","itemListElement":[{"@type":"ListItem","position":1,"name":"Strona g\u0142\u00f3wna","item":"https:\/\/korner.eu\/de\/"},{"@type":"ListItem","position":2,"name":"\u00dcber uns"}]},{"@type":"WebSite","@id":"https:\/\/korner.eu\/de\/#website","url":"https:\/\/korner.eu\/de\/","name":"Korner","description":"","publisher":{"@id":"https:\/\/korner.eu\/de\/#organization"},"potentialAction":[{"@type":"SearchAction","target":{"@type":"EntryPoint","urlTemplate":"https:\/\/korner.eu\/de\/?s={search_term_string}"},"query-input":{"@type":"PropertyValueSpecification","valueRequired":true,"valueName":"search_term_string"}}],"inLanguage":"de"},{"@type":"Organization","@id":"https:\/\/korner.eu\/de\/#organization","name":"Poli-Eco Tworzywa Sztuczne Sp. z o.o.","url":"https:\/\/korner.eu\/de\/","logo":{"@type":"ImageObject","inLanguage":"de","@id":"https:\/\/korner.eu\/de\/#\/schema\/logo\/image\/","url":"https:\/\/korner.eu\/wp-content\/uploads\/2020\/03\/logo.png","contentUrl":"https:\/\/korner.eu\/wp-content\/uploads\/2020\/03\/logo.png","width":180,"height":48,"caption":"Poli-Eco Tworzywa Sztuczne Sp. z o.o."},"image":{"@id":"https:\/\/korner.eu\/de\/#\/schema\/logo\/image\/"},"sameAs":["https:\/\/www.facebook.com\/korner.producent\/","https:\/\/www.instagram.com\/korner.producer\/","https:\/\/www.linkedin.com\/in\/korner-producer\/"]}]}},"_links":{"self":[{"href":"https:\/\/korner.eu\/de\/wp-json\/wp\/v2\/pages\/11262","targetHints":{"allow":["GET"]}}],"collection":[{"href":"https:\/\/korner.eu\/de\/wp-json\/wp\/v2\/pages"}],"about":[{"href":"https:\/\/korner.eu\/de\/wp-json\/wp\/v2\/types\/page"}],"author":[{"embeddable":true,"href":"https:\/\/korner.eu\/de\/wp-json\/wp\/v2\/users\/1"}],"replies":[{"embeddable":true,"href":"https:\/\/korner.eu\/de\/wp-json\/wp\/v2\/comments?post=11262"}],"version-history":[{"count":9,"href":"https:\/\/korner.eu\/de\/wp-json\/wp\/v2\/pages\/11262\/revisions"}],"predecessor-version":[{"id":16961,"href":"https:\/\/korner.eu\/de\/wp-json\/wp\/v2\/pages\/11262\/revisions\/16961"}],"wp:attachment":[{"href":"https:\/\/korner.eu\/de\/wp-json\/wp\/v2\/media?parent=11262"}],"curies":[{"name":"wp","href":"https:\/\/api.w.org\/{rel}","templated":true}]}}