{"id":11238,"date":"2020-03-31T14:45:14","date_gmt":"2020-03-31T14:45:14","guid":{"rendered":"https:\/\/korner.eu\/kontakt\/"},"modified":"2020-06-02T11:46:43","modified_gmt":"2020-06-02T11:46:43","slug":"kontaktangaben","status":"publish","type":"page","link":"https:\/\/korner.eu\/de\/kontaktangaben\/","title":{"rendered":"Kontaktangaben"},"content":{"rendered":"\n<section id=\"korner-block_5e84690da0d22\" class=\"space-section   \" >\n\t<div class=\"space-block hide-for-small\" style=\"background-color:#FFFFFF; height: 30px;\" ><\/div>\n\t<div class=\"space-block show-for-small\" style=\"background-color:#FFFFFF; height: 25px;\" ><\/div>\n<\/section><div class=\"row column default-GB clearfix\">\n\n<\/div><div class=\"row column default-GB clearfix\">\n<h3 class=\"margin-bottom-none wp-block-heading\">Poli-Eco Tworzywa Sztuczne Sp. z o.o.<\/h3>\n<\/div><div class=\"row column default-GB clearfix\">\n\n<\/div><div class=\"row column default-GB clearfix\">\n<p style=\"font-size:18px\"><strong>ul. Zwyci\u0119zc\u00f3w 7, 68-200 \u017bary<\/strong><\/p>\n<\/div><div class=\"row column default-GB clearfix\">\n\n<\/div>\t\t\t<section id=\"korner-block_5e85b6773b822\" class=\"text-section cover-bg  padding-top-none\" style=\"background-color: ;color: \">\n\t\t<div class=\"row column default-GB clearfix\">\n\t\t\t<h2 style=\"color: #1C1C1C; font-size: 72px; font-weight: 600; line-height: 82px; margin: 0 0 20px 0;\">Kontaktangaben<\/h2>\n\t\t<\/div>\n\t\t<div class=\"row column \"><p>Sekretariat<br \/>\n<span class=\"cp1-phone\">tel. <a style=\"font-weight: 400;\" href=\"tel:+48684784400\">+48 68 478 44 00<\/a><\/span><br \/>\n<span class=\"cp1-fax\">fax. <a style=\"font-weight: 400;\" href=\"tel:+48684784401\">+48 68 478 44 01<\/a><\/span><br \/>\n<span class=\"cp1-email\"><a href=\"mailto:sekretariat@poli-eco.pl\">sekretariat@poli-eco.pl<\/a><\/span><\/p>\n<\/div>\n\t<\/section>\n\n<div class=\"row column default-GB clearfix\">\n\n<\/div>\n<section id=\"korner-block_5e84736ce464d\" class=\"space-section   \" >\n\t<div class=\"space-block hide-for-small\" style=\"background-color:#FFFFFF; height: 25px;\" ><\/div>\n\t<div class=\"space-block show-for-small\" style=\"background-color:#FFFFFF; height: 15px;\" ><\/div>\n<\/section>","protected":false},"excerpt":{"rendered":"<p>Poli-Eco Tworzywa Sztuczne Sp. z o.o. ul. Zwyci\u0119zc\u00f3w 7, 68-200 \u017bary<\/p>\n","protected":false},"author":1,"featured_media":0,"parent":0,"menu_order":40,"comment_status":"closed","ping_status":"closed","template":"templates\/template-contact.php","meta":{"_acf_changed":false,"footnotes":""},"class_list":["post-11238","page","type-page","status-publish","hentry"],"acf":[],"yoast_head":"<!-- This site is optimized with the Yoast SEO plugin v24.3 - https:\/\/yoast.com\/wordpress\/plugins\/seo\/ -->\n<title>Kontaktangaben - Korner<\/title>\n<meta name=\"robots\" content=\"index, follow, max-snippet:-1, max-image-preview:large, max-video-preview:-1\" \/>\n<link rel=\"canonical\" href=\"https:\/\/korner.eu\/de\/kontaktangaben\/\" \/>\n<meta property=\"og:locale\" content=\"de_DE\" \/>\n<meta property=\"og:type\" content=\"article\" \/>\n<meta property=\"og:title\" content=\"Kontaktangaben - Korner\" \/>\n<meta property=\"og:description\" content=\"Poli-Eco Tworzywa Sztuczne Sp. z o.o. ul. Zwyci\u0119zc\u00f3w 7, 68-200 \u017bary\" \/>\n<meta property=\"og:url\" content=\"https:\/\/korner.eu\/de\/kontaktangaben\/\" \/>\n<meta property=\"og:site_name\" content=\"Korner\" \/>\n<meta property=\"article:publisher\" content=\"https:\/\/www.facebook.com\/korner.producent\/\" \/>\n<meta property=\"article:modified_time\" content=\"2020-06-02T11:46:43+00:00\" \/>\n<meta name=\"twitter:card\" content=\"summary_large_image\" \/>\n<script type=\"application\/ld+json\" class=\"yoast-schema-graph\">{\"@context\":\"https:\/\/schema.org\",\"@graph\":[{\"@type\":\"WebPage\",\"@id\":\"https:\/\/korner.eu\/de\/kontaktangaben\/\",\"url\":\"https:\/\/korner.eu\/de\/kontaktangaben\/\",\"name\":\"Kontaktangaben - Korner\",\"isPartOf\":{\"@id\":\"https:\/\/korner.eu\/de\/#website\"},\"datePublished\":\"2020-03-31T14:45:14+00:00\",\"dateModified\":\"2020-06-02T11:46:43+00:00\",\"breadcrumb\":{\"@id\":\"https:\/\/korner.eu\/de\/kontaktangaben\/#breadcrumb\"},\"inLanguage\":\"de\",\"potentialAction\":[{\"@type\":\"ReadAction\",\"target\":[\"https:\/\/korner.eu\/de\/kontaktangaben\/\"]}]},{\"@type\":\"BreadcrumbList\",\"@id\":\"https:\/\/korner.eu\/de\/kontaktangaben\/#breadcrumb\",\"itemListElement\":[{\"@type\":\"ListItem\",\"position\":1,\"name\":\"Strona g\u0142\u00f3wna\",\"item\":\"https:\/\/korner.eu\/de\/\"},{\"@type\":\"ListItem\",\"position\":2,\"name\":\"Kontaktangaben\"}]},{\"@type\":\"WebSite\",\"@id\":\"https:\/\/korner.eu\/de\/#website\",\"url\":\"https:\/\/korner.eu\/de\/\",\"name\":\"Korner\",\"description\":\"\",\"publisher\":{\"@id\":\"https:\/\/korner.eu\/de\/#organization\"},\"potentialAction\":[{\"@type\":\"SearchAction\",\"target\":{\"@type\":\"EntryPoint\",\"urlTemplate\":\"https:\/\/korner.eu\/de\/?s={search_term_string}\"},\"query-input\":{\"@type\":\"PropertyValueSpecification\",\"valueRequired\":true,\"valueName\":\"search_term_string\"}}],\"inLanguage\":\"de\"},{\"@type\":\"Organization\",\"@id\":\"https:\/\/korner.eu\/de\/#organization\",\"name\":\"Poli-Eco Tworzywa Sztuczne Sp. z o.o.\",\"url\":\"https:\/\/korner.eu\/de\/\",\"logo\":{\"@type\":\"ImageObject\",\"inLanguage\":\"de\",\"@id\":\"https:\/\/korner.eu\/de\/#\/schema\/logo\/image\/\",\"url\":\"https:\/\/korner.eu\/wp-content\/uploads\/2020\/03\/logo.png\",\"contentUrl\":\"https:\/\/korner.eu\/wp-content\/uploads\/2020\/03\/logo.png\",\"width\":180,\"height\":48,\"caption\":\"Poli-Eco Tworzywa Sztuczne Sp. z o.o.\"},\"image\":{\"@id\":\"https:\/\/korner.eu\/de\/#\/schema\/logo\/image\/\"},\"sameAs\":[\"https:\/\/www.facebook.com\/korner.producent\/\",\"https:\/\/www.instagram.com\/korner.producer\/\",\"https:\/\/www.linkedin.com\/in\/korner-producer\/\"]}]}<\/script>\n<!-- \/ Yoast SEO plugin. -->","yoast_head_json":{"title":"Kontaktangaben - Korner","robots":{"index":"index","follow":"follow","max-snippet":"max-snippet:-1","max-image-preview":"max-image-preview:large","max-video-preview":"max-video-preview:-1"},"canonical":"https:\/\/korner.eu\/de\/kontaktangaben\/","og_locale":"de_DE","og_type":"article","og_title":"Kontaktangaben - Korner","og_description":"Poli-Eco Tworzywa Sztuczne Sp. z o.o. ul. Zwyci\u0119zc\u00f3w 7, 68-200 \u017bary","og_url":"https:\/\/korner.eu\/de\/kontaktangaben\/","og_site_name":"Korner","article_publisher":"https:\/\/www.facebook.com\/korner.producent\/","article_modified_time":"2020-06-02T11:46:43+00:00","twitter_card":"summary_large_image","schema":{"@context":"https:\/\/schema.org","@graph":[{"@type":"WebPage","@id":"https:\/\/korner.eu\/de\/kontaktangaben\/","url":"https:\/\/korner.eu\/de\/kontaktangaben\/","name":"Kontaktangaben - Korner","isPartOf":{"@id":"https:\/\/korner.eu\/de\/#website"},"datePublished":"2020-03-31T14:45:14+00:00","dateModified":"2020-06-02T11:46:43+00:00","breadcrumb":{"@id":"https:\/\/korner.eu\/de\/kontaktangaben\/#breadcrumb"},"inLanguage":"de","potentialAction":[{"@type":"ReadAction","target":["https:\/\/korner.eu\/de\/kontaktangaben\/"]}]},{"@type":"BreadcrumbList","@id":"https:\/\/korner.eu\/de\/kontaktangaben\/#breadcrumb","itemListElement":[{"@type":"ListItem","position":1,"name":"Strona g\u0142\u00f3wna","item":"https:\/\/korner.eu\/de\/"},{"@type":"ListItem","position":2,"name":"Kontaktangaben"}]},{"@type":"WebSite","@id":"https:\/\/korner.eu\/de\/#website","url":"https:\/\/korner.eu\/de\/","name":"Korner","description":"","publisher":{"@id":"https:\/\/korner.eu\/de\/#organization"},"potentialAction":[{"@type":"SearchAction","target":{"@type":"EntryPoint","urlTemplate":"https:\/\/korner.eu\/de\/?s={search_term_string}"},"query-input":{"@type":"PropertyValueSpecification","valueRequired":true,"valueName":"search_term_string"}}],"inLanguage":"de"},{"@type":"Organization","@id":"https:\/\/korner.eu\/de\/#organization","name":"Poli-Eco Tworzywa Sztuczne Sp. z o.o.","url":"https:\/\/korner.eu\/de\/","logo":{"@type":"ImageObject","inLanguage":"de","@id":"https:\/\/korner.eu\/de\/#\/schema\/logo\/image\/","url":"https:\/\/korner.eu\/wp-content\/uploads\/2020\/03\/logo.png","contentUrl":"https:\/\/korner.eu\/wp-content\/uploads\/2020\/03\/logo.png","width":180,"height":48,"caption":"Poli-Eco Tworzywa Sztuczne Sp. z o.o."},"image":{"@id":"https:\/\/korner.eu\/de\/#\/schema\/logo\/image\/"},"sameAs":["https:\/\/www.facebook.com\/korner.producent\/","https:\/\/www.instagram.com\/korner.producer\/","https:\/\/www.linkedin.com\/in\/korner-producer\/"]}]}},"_links":{"self":[{"href":"https:\/\/korner.eu\/de\/wp-json\/wp\/v2\/pages\/11238","targetHints":{"allow":["GET"]}}],"collection":[{"href":"https:\/\/korner.eu\/de\/wp-json\/wp\/v2\/pages"}],"about":[{"href":"https:\/\/korner.eu\/de\/wp-json\/wp\/v2\/types\/page"}],"author":[{"embeddable":true,"href":"https:\/\/korner.eu\/de\/wp-json\/wp\/v2\/users\/1"}],"replies":[{"embeddable":true,"href":"https:\/\/korner.eu\/de\/wp-json\/wp\/v2\/comments?post=11238"}],"version-history":[{"count":2,"href":"https:\/\/korner.eu\/de\/wp-json\/wp\/v2\/pages\/11238\/revisions"}],"predecessor-version":[{"id":12015,"href":"https:\/\/korner.eu\/de\/wp-json\/wp\/v2\/pages\/11238\/revisions\/12015"}],"wp:attachment":[{"href":"https:\/\/korner.eu\/de\/wp-json\/wp\/v2\/media?parent=11238"}],"curies":[{"name":"wp","href":"https:\/\/api.w.org\/{rel}","templated":true}]}}