{"id":11229,"date":"2020-04-02T11:13:04","date_gmt":"2020-04-02T11:13:04","guid":{"rendered":"https:\/\/korner.eu\/punkty-sprzedazy\/"},"modified":"2020-06-15T11:26:14","modified_gmt":"2020-06-15T11:26:14","slug":"unsere-handler","status":"publish","type":"page","link":"https:\/\/korner.eu\/de\/unsere-handler\/","title":{"rendered":"Unsere H\u00e4ndler"},"content":{"rendered":"    <section class=\"top-section-with-title cover-bg  \">\n        <picture >\n            <source media='(max-width: 400px)'\n                    srcset='https:\/\/korner.eu\/wp-content\/uploads\/2020\/06\/punkty-sprzedazy-400x320.jpg'\/>\n            <source media='(max-width: 767px)'\n                    srcset='https:\/\/korner.eu\/wp-content\/uploads\/2020\/06\/punkty-sprzedazy-767x320.jpg'\/>\n            <source media='(max-width: 1024px)'\n                    srcset='https:\/\/korner.eu\/wp-content\/uploads\/2020\/06\/punkty-sprzedazy-1024x320.jpg'\/>\n            <source media='(max-width: 1400px)'\n                    srcset='https:\/\/korner.eu\/wp-content\/uploads\/2020\/06\/punkty-sprzedazy-1400x320.jpg'\/>\n            <img src='https:\/\/korner.eu\/wp-content\/uploads\/2020\/06\/punkty-sprzedazy.jpg'\/>\n        <\/picture>\n        <div class=\"row column cover-bg-content \">\n                            <h1 class=\"h1 page-main-title \">Unsere H\u00e4ndler<\/h1>\n                    <\/div>\n    <\/section>\n\t\t\n\n<div class=\"row column default-GB clearfix\">\n\n<\/div>\n\n\n<section class='fullwidth map-type-1' id=\"content_section\">\n\t\t\t<div class=\"row column\">\n                <div class=\"page type-page status-publish hentry\">\n                    <div class=\"entry-content\">\n\n                                                <h3 class=\"titleMap\">Verkaufsstellen finden<\/h3>\n                        \n                                                    <p class=\"infoMap\">W\u00e4hlen und markieren Sie das gew\u00fcnschte Produkt und tragen Sie Ihre Adresse ein, um Ihre n\u00e4chste Handelsvertretung zu finden.<\/p>\n                        \n                        <div id=\"changeCat\">\n                                                                <div class=\"categories-map-item\">\n                                        <input type=\"checkbox\" id=\"cat127\" name=\"cat127\" value=\"127\" onclick=\"reloadMarkers()\" autocomplete=\"off\"\/><label for=\"cat127\">Schutzprofile<\/label>\n                                    <\/div>\n                                                                        <div class=\"categories-map-item\">\n                                        <input type=\"checkbox\" id=\"cat124\" name=\"cat124\" value=\"124\" onclick=\"reloadMarkers()\" autocomplete=\"off\"\/><label for=\"cat124\">Sockelleisten<\/label>\n                                    <\/div>\n                                                                        <div class=\"categories-map-item\">\n                                        <input type=\"checkbox\" id=\"cat1775\" name=\"cat1775\" value=\"1775\" onclick=\"reloadMarkers()\" autocomplete=\"off\"\/><label for=\"cat1775\">Uszczelka ch\u0142odnicza<\/label>\n                                    <\/div>\n                                                                        <div class=\"categories-map-item\">\n                                        <input type=\"checkbox\" id=\"cat130\" name=\"cat130\" value=\"130\" onclick=\"reloadMarkers()\" autocomplete=\"off\"\/><label for=\"cat130\">Vinylboden SPC<\/label>\n                                    <\/div>\n                                                                        <div class=\"categories-map-item\">\n                                        <input type=\"checkbox\" id=\"cat121\" name=\"cat121\" value=\"121\" onclick=\"reloadMarkers()\" autocomplete=\"off\"\/><label for=\"cat121\">Wandabschlussleisten<\/label>\n                                    <\/div>\n                                                                        <div class=\"categories-map-item\">\n                                        <input type=\"checkbox\" id=\"cat1776\" name=\"cat1776\" value=\"1776\" onclick=\"reloadMarkers()\" autocomplete=\"off\"\/><label for=\"cat1776\">Wk\u0142ady magnetyczne<\/label>\n                                    <\/div>\n                                                            <\/div>\n                        <div id=\"searchMap\">\n                            <div class=\"containerSearch\">\n                                <input type=\"text\" id=\"searchCity\" placeholder=\"Adresse, Stadt eingeben\" value=\"\"\/>\n                                <div class=\"search-submit\">\n                                    <button id=\"searchCitySubmit\">Suche<\/button>\n                                <\/div>\n                            <\/div>\n                        <\/div>\n                        <div id=\"map_canvas\"><\/div>\n                    <\/div>\n                <\/div>\n            <\/div>\n\t\t<\/section>\n\t\t\n\n","protected":false},"excerpt":{"rendered":"","protected":false},"author":1,"featured_media":0,"parent":0,"menu_order":21,"comment_status":"closed","ping_status":"closed","template":"","meta":{"_acf_changed":false,"footnotes":""},"class_list":["post-11229","page","type-page","status-publish","hentry"],"acf":[],"yoast_head":"<!-- This site is optimized with the Yoast SEO plugin v24.3 - https:\/\/yoast.com\/wordpress\/plugins\/seo\/ -->\n<title>Unsere H\u00e4ndler - Korner<\/title>\n<meta name=\"robots\" content=\"index, follow, max-snippet:-1, max-image-preview:large, max-video-preview:-1\" \/>\n<link rel=\"canonical\" href=\"https:\/\/korner.eu\/de\/unsere-handler\/\" \/>\n<meta property=\"og:locale\" content=\"de_DE\" \/>\n<meta property=\"og:type\" content=\"article\" \/>\n<meta property=\"og:title\" content=\"Unsere H\u00e4ndler - Korner\" \/>\n<meta property=\"og:url\" content=\"https:\/\/korner.eu\/de\/unsere-handler\/\" \/>\n<meta property=\"og:site_name\" content=\"Korner\" \/>\n<meta property=\"article:publisher\" content=\"https:\/\/www.facebook.com\/korner.producent\/\" \/>\n<meta property=\"article:modified_time\" content=\"2020-06-15T11:26:14+00:00\" \/>\n<meta name=\"twitter:card\" content=\"summary_large_image\" \/>\n<script type=\"application\/ld+json\" class=\"yoast-schema-graph\">{\"@context\":\"https:\/\/schema.org\",\"@graph\":[{\"@type\":\"WebPage\",\"@id\":\"https:\/\/korner.eu\/de\/unsere-handler\/\",\"url\":\"https:\/\/korner.eu\/de\/unsere-handler\/\",\"name\":\"Unsere H\u00e4ndler - Korner\",\"isPartOf\":{\"@id\":\"https:\/\/korner.eu\/de\/#website\"},\"datePublished\":\"2020-04-02T11:13:04+00:00\",\"dateModified\":\"2020-06-15T11:26:14+00:00\",\"breadcrumb\":{\"@id\":\"https:\/\/korner.eu\/de\/unsere-handler\/#breadcrumb\"},\"inLanguage\":\"de\",\"potentialAction\":[{\"@type\":\"ReadAction\",\"target\":[\"https:\/\/korner.eu\/de\/unsere-handler\/\"]}]},{\"@type\":\"BreadcrumbList\",\"@id\":\"https:\/\/korner.eu\/de\/unsere-handler\/#breadcrumb\",\"itemListElement\":[{\"@type\":\"ListItem\",\"position\":1,\"name\":\"Strona g\u0142\u00f3wna\",\"item\":\"https:\/\/korner.eu\/de\/\"},{\"@type\":\"ListItem\",\"position\":2,\"name\":\"Unsere H\u00e4ndler\"}]},{\"@type\":\"WebSite\",\"@id\":\"https:\/\/korner.eu\/de\/#website\",\"url\":\"https:\/\/korner.eu\/de\/\",\"name\":\"Korner\",\"description\":\"\",\"publisher\":{\"@id\":\"https:\/\/korner.eu\/de\/#organization\"},\"potentialAction\":[{\"@type\":\"SearchAction\",\"target\":{\"@type\":\"EntryPoint\",\"urlTemplate\":\"https:\/\/korner.eu\/de\/?s={search_term_string}\"},\"query-input\":{\"@type\":\"PropertyValueSpecification\",\"valueRequired\":true,\"valueName\":\"search_term_string\"}}],\"inLanguage\":\"de\"},{\"@type\":\"Organization\",\"@id\":\"https:\/\/korner.eu\/de\/#organization\",\"name\":\"Poli-Eco Tworzywa Sztuczne Sp. z o.o.\",\"url\":\"https:\/\/korner.eu\/de\/\",\"logo\":{\"@type\":\"ImageObject\",\"inLanguage\":\"de\",\"@id\":\"https:\/\/korner.eu\/de\/#\/schema\/logo\/image\/\",\"url\":\"https:\/\/korner.eu\/wp-content\/uploads\/2020\/03\/logo.png\",\"contentUrl\":\"https:\/\/korner.eu\/wp-content\/uploads\/2020\/03\/logo.png\",\"width\":180,\"height\":48,\"caption\":\"Poli-Eco Tworzywa Sztuczne Sp. z o.o.\"},\"image\":{\"@id\":\"https:\/\/korner.eu\/de\/#\/schema\/logo\/image\/\"},\"sameAs\":[\"https:\/\/www.facebook.com\/korner.producent\/\",\"https:\/\/www.instagram.com\/korner.producer\/\",\"https:\/\/www.linkedin.com\/in\/korner-producer\/\"]}]}<\/script>\n<!-- \/ Yoast SEO plugin. -->","yoast_head_json":{"title":"Unsere H\u00e4ndler - Korner","robots":{"index":"index","follow":"follow","max-snippet":"max-snippet:-1","max-image-preview":"max-image-preview:large","max-video-preview":"max-video-preview:-1"},"canonical":"https:\/\/korner.eu\/de\/unsere-handler\/","og_locale":"de_DE","og_type":"article","og_title":"Unsere H\u00e4ndler - Korner","og_url":"https:\/\/korner.eu\/de\/unsere-handler\/","og_site_name":"Korner","article_publisher":"https:\/\/www.facebook.com\/korner.producent\/","article_modified_time":"2020-06-15T11:26:14+00:00","twitter_card":"summary_large_image","schema":{"@context":"https:\/\/schema.org","@graph":[{"@type":"WebPage","@id":"https:\/\/korner.eu\/de\/unsere-handler\/","url":"https:\/\/korner.eu\/de\/unsere-handler\/","name":"Unsere H\u00e4ndler - Korner","isPartOf":{"@id":"https:\/\/korner.eu\/de\/#website"},"datePublished":"2020-04-02T11:13:04+00:00","dateModified":"2020-06-15T11:26:14+00:00","breadcrumb":{"@id":"https:\/\/korner.eu\/de\/unsere-handler\/#breadcrumb"},"inLanguage":"de","potentialAction":[{"@type":"ReadAction","target":["https:\/\/korner.eu\/de\/unsere-handler\/"]}]},{"@type":"BreadcrumbList","@id":"https:\/\/korner.eu\/de\/unsere-handler\/#breadcrumb","itemListElement":[{"@type":"ListItem","position":1,"name":"Strona g\u0142\u00f3wna","item":"https:\/\/korner.eu\/de\/"},{"@type":"ListItem","position":2,"name":"Unsere H\u00e4ndler"}]},{"@type":"WebSite","@id":"https:\/\/korner.eu\/de\/#website","url":"https:\/\/korner.eu\/de\/","name":"Korner","description":"","publisher":{"@id":"https:\/\/korner.eu\/de\/#organization"},"potentialAction":[{"@type":"SearchAction","target":{"@type":"EntryPoint","urlTemplate":"https:\/\/korner.eu\/de\/?s={search_term_string}"},"query-input":{"@type":"PropertyValueSpecification","valueRequired":true,"valueName":"search_term_string"}}],"inLanguage":"de"},{"@type":"Organization","@id":"https:\/\/korner.eu\/de\/#organization","name":"Poli-Eco Tworzywa Sztuczne Sp. z o.o.","url":"https:\/\/korner.eu\/de\/","logo":{"@type":"ImageObject","inLanguage":"de","@id":"https:\/\/korner.eu\/de\/#\/schema\/logo\/image\/","url":"https:\/\/korner.eu\/wp-content\/uploads\/2020\/03\/logo.png","contentUrl":"https:\/\/korner.eu\/wp-content\/uploads\/2020\/03\/logo.png","width":180,"height":48,"caption":"Poli-Eco Tworzywa Sztuczne Sp. z o.o."},"image":{"@id":"https:\/\/korner.eu\/de\/#\/schema\/logo\/image\/"},"sameAs":["https:\/\/www.facebook.com\/korner.producent\/","https:\/\/www.instagram.com\/korner.producer\/","https:\/\/www.linkedin.com\/in\/korner-producer\/"]}]}},"_links":{"self":[{"href":"https:\/\/korner.eu\/de\/wp-json\/wp\/v2\/pages\/11229","targetHints":{"allow":["GET"]}}],"collection":[{"href":"https:\/\/korner.eu\/de\/wp-json\/wp\/v2\/pages"}],"about":[{"href":"https:\/\/korner.eu\/de\/wp-json\/wp\/v2\/types\/page"}],"author":[{"embeddable":true,"href":"https:\/\/korner.eu\/de\/wp-json\/wp\/v2\/users\/1"}],"replies":[{"embeddable":true,"href":"https:\/\/korner.eu\/de\/wp-json\/wp\/v2\/comments?post=11229"}],"version-history":[{"count":7,"href":"https:\/\/korner.eu\/de\/wp-json\/wp\/v2\/pages\/11229\/revisions"}],"predecessor-version":[{"id":12274,"href":"https:\/\/korner.eu\/de\/wp-json\/wp\/v2\/pages\/11229\/revisions\/12274"}],"wp:attachment":[{"href":"https:\/\/korner.eu\/de\/wp-json\/wp\/v2\/media?parent=11229"}],"curies":[{"name":"wp","href":"https:\/\/api.w.org\/{rel}","templated":true}]}}